{"id":106976,"date":"2025-12-04T13:56:26","date_gmt":"2025-12-04T12:56:26","guid":{"rendered":"https:\/\/www.worksafe.be\/de-easyfairs-belgium-app\/"},"modified":"2025-12-04T14:15:32","modified_gmt":"2025-12-04T13:15:32","slug":"de-easyfairs-belgium-app","status":"publish","type":"page","link":"https:\/\/www.worksafe.be\/fr\/de-easyfairs-belgium-app\/","title":{"rendered":"L&rsquo;application Easyfairs Belgium"},"content":{"rendered":"\t\t<div data-elementor-type=\"wp-page\" data-elementor-id=\"106976\" class=\"elementor elementor-106976 elementor-106954\" data-elementor-post-type=\"page\">\n\t\t\t\t<div class=\"elementor-element elementor-element-190c810 e-flex e-con-boxed e-con e-parent\" data-id=\"190c810\" data-element_type=\"container\">\n\t\t\t\t\t<div class=\"e-con-inner\">\n\t\t\t\t<div class=\"elementor-element elementor-element-1e6b587 elementor-widget elementor-widget-heading\" data-id=\"1e6b587\" data-element_type=\"widget\" data-widget_type=\"heading.default\">\n\t\t\t\t<div class=\"elementor-widget-container\">\n\t\t\t\t\t<h2 class=\"elementor-heading-title elementor-size-default\">Easyfairs Belgium App<\/h2>\t\t\t\t<\/div>\n\t\t\t\t<\/div>\n\t\t\t\t\t<\/div>\n\t\t\t\t<\/div>\n\t\t<div class=\"elementor-element elementor-element-44907a4 e-flex e-con-boxed e-con e-parent\" data-id=\"44907a4\" data-element_type=\"container\">\n\t\t\t\t\t<div class=\"e-con-inner\">\n\t\t\t\t<div class=\"elementor-element elementor-element-af25ad2 elementor-widget elementor-widget-text-editor\" data-id=\"af25ad2\" data-element_type=\"widget\" data-widget_type=\"text-editor.default\">\n\t\t\t\t<div class=\"elementor-widget-container\">\n\t\t\t\t\t\t\t\t\t<p>L&rsquo;application Easyfairs Belgium est votre assistant intelligent pour une visite optimale du salon. De la planification de votre agenda \u00e0 la d\u00e9couverte de nouveaux exposants et innovations, l&rsquo;application vous offre tout ce dont vous avez besoin pour tirer le meilleur parti de l&rsquo;\u00e9v\u00e9nement. Restez inform\u00e9 gr\u00e2ce aux notifications en temps r\u00e9el et d\u00e9couvrez des opportunit\u00e9s que vous auriez peut-\u00eatre manqu\u00e9es autrement.<\/p>\n\t\t\t\t\t\t\t\t<\/div>\n\t\t\t\t<\/div>\n\t\t\t\t\t<\/div>\n\t\t\t\t<\/div>\n\t\t<div class=\"elementor-element elementor-element-14362bf e-flex e-con-boxed e-con e-parent\" data-id=\"14362bf\" data-element_type=\"container\">\n\t\t\t\t\t<div class=\"e-con-inner\">\n\t\t<div class=\"elementor-element elementor-element-6bd291a e-con-full e-flex e-con e-child\" data-id=\"6bd291a\" data-element_type=\"container\">\n\t\t\t\t<div class=\"elementor-element elementor-element-51a542a elementor-widget elementor-widget-image\" data-id=\"51a542a\" data-element_type=\"widget\" data-widget_type=\"image.default\">\n\t\t\t\t<div class=\"elementor-widget-container\">\n\t\t\t\t\t\t\t\t\t\t\t\t\t\t\t<img decoding=\"async\" width=\"300\" height=\"114\" src=\"https:\/\/easyfairsassets.com\/sites\/241\/2020\/02\/Worksafe-logo-color-300x114.jpg\" class=\"attachment-medium size-medium wp-image-23\" alt=\"Worksafe logo\" srcset=\"https:\/\/easyfairsassets.com\/sites\/241\/2020\/02\/Worksafe-logo-color-300x114.jpg 300w, https:\/\/easyfairsassets.com\/sites\/241\/2020\/02\/Worksafe-logo-color.jpg 592w\" sizes=\"(max-width: 300px) 100vw, 300px\" \/>\t\t\t\t\t\t\t\t\t\t\t\t\t\t\t<\/div>\n\t\t\t\t<\/div>\n\t\t\t\t<\/div>\n\t\t<div class=\"elementor-element elementor-element-b522b99 e-con-full e-flex e-con e-child\" data-id=\"b522b99\" data-element_type=\"container\">\n\t\t\t\t<div class=\"elementor-element elementor-element-1a289ce elementor-widget elementor-widget-text-editor\" data-id=\"1a289ce\" data-element_type=\"widget\" data-widget_type=\"text-editor.default\">\n\t\t\t\t<div class=\"elementor-widget-container\">\n\t\t\t\t\t\t\t\t\t<p>\ud83d\ude80<strong> Commencez \u00e0 planifier avant m\u00eame votre arriv\u00e9e !<\/strong><\/p>\n<p>Nous comprenons que la planification de votre visite \u00e0 Solids est essentielle pour tirer le meilleur parti de l&rsquo;\u00e9v\u00e9nement. Notre nouvelle application vous permet de pr\u00e9parer votre journ\u00e9e au salon dans les moindres d\u00e9tails, avant m\u00eame de mettre les pieds dans le hall d&rsquo;exposition.<\/p>\n<p><strong>\ud83e\udd1d Recevez des recommandations personnalis\u00e9es<\/strong><\/p>\n<p>Recevez des suggestions personnalis\u00e9es sur les personnes que vous pourriez souhaiter rencontrer. Nos algorithmes intelligents analysent vos pr\u00e9f\u00e9rences et vous proposent les contacts les plus pertinents.<\/p>\n<p><strong>\ud83d\udcc5 D\u00e9couvrez et planifiez vos s\u00e9minaires<\/strong><\/p>\n<p>Ne manquez plus jamais une session importante ! D\u00e9couvrez les diff\u00e9rents s\u00e9minaires, apprenez-en davantage sur les intervenants et les sujets abord\u00e9s, et ajoutez directement \u00e0 votre agenda personnel les sessions qui vous int\u00e9ressent.$<\/p>\n\t\t\t\t\t\t\t\t<\/div>\n\t\t\t\t<\/div>\n\t\t\t\t<\/div>\n\t\t\t\t\t<\/div>\n\t\t\t\t<\/div>\n\t\t\t\t<section class=\"elementor-section elementor-top-section elementor-element elementor-element-e3a7298 elementor-section-boxed elementor-section-height-default elementor-section-height-default\" data-id=\"e3a7298\" data-element_type=\"section\" data-settings=\"{&quot;background_background&quot;:&quot;classic&quot;}\">\n\t\t\t\t\t\t\t<div class=\"elementor-background-overlay\"><\/div>\n\t\t\t\t\t\t\t<div class=\"elementor-container elementor-column-gap-default\">\n\t\t\t\t\t<div class=\"elementor-column elementor-col-50 elementor-top-column elementor-element elementor-element-a2a804f\" data-id=\"a2a804f\" data-element_type=\"column\" data-settings=\"{&quot;background_background&quot;:&quot;classic&quot;}\">\n\t\t\t<div class=\"elementor-widget-wrap elementor-element-populated\">\n\t\t\t\t\t\t<div class=\"elementor-element elementor-element-1413f2a elementor-widget elementor-widget-heading\" data-id=\"1413f2a\" data-element_type=\"widget\" data-widget_type=\"heading.default\">\n\t\t\t\t<div class=\"elementor-widget-container\">\n\t\t\t\t\t<h2 class=\"elementor-heading-title elementor-size-default\">Avantages de l'application Easyfairs Belgium :<\/h2>\t\t\t\t<\/div>\n\t\t\t\t<\/div>\n\t\t\t\t<div class=\"elementor-element elementor-element-be7247d elementor-widget elementor-widget-text-editor\" data-id=\"be7247d\" data-element_type=\"widget\" data-widget_type=\"text-editor.default\">\n\t\t\t\t<div class=\"elementor-widget-container\">\n\t\t\t\t\t\t\t\t\t<ol>\n<li><strong>Un r\u00e9seau efficace<\/strong> : trouvez rapidement et facilement les professionnels et les experts que vous recherchez et planifiez vos rendez-vous de mani\u00e8re efficace.<\/li>\n<li><strong>Exp\u00e9rience personnelle<\/strong> : recevez des recommandations adapt\u00e9es \u00e0 vos int\u00e9r\u00eats et besoins professionnels.<\/li>\n<li><strong>Restez organis\u00e9<\/strong> : consultez votre agenda, vos r\u00e9unions et vos s\u00e9minaires en un seul endroit.<\/li>\n<li><strong>Restez inform\u00e9<\/strong> : recevez des mises \u00e0 jour et des notifications d&rsquo;\u00e9v\u00e9nements en temps r\u00e9el.<\/li>\n<\/ol>\n\t\t\t\t\t\t\t\t<\/div>\n\t\t\t\t<\/div>\n\t\t\t\t\t<\/div>\n\t\t<\/div>\n\t\t\t\t<div class=\"elementor-column elementor-col-50 elementor-top-column elementor-element elementor-element-ae895d4\" data-id=\"ae895d4\" data-element_type=\"column\" data-settings=\"{&quot;background_background&quot;:&quot;classic&quot;}\">\n\t\t\t<div class=\"elementor-widget-wrap elementor-element-populated\">\n\t\t\t\t\t\t<div class=\"elementor-element elementor-element-98445e7 elementor-widget elementor-widget-image\" data-id=\"98445e7\" data-element_type=\"widget\" data-widget_type=\"image.default\">\n\t\t\t\t<div class=\"elementor-widget-container\">\n\t\t\t\t\t\t\t\t\t\t\t\t\t\t\t<img fetchpriority=\"high\" decoding=\"async\" width=\"800\" height=\"800\" src=\"https:\/\/easyfairsassets.com\/sites\/241\/2025\/12\/Untitled-design-18-1024x1024.png\" class=\"attachment-large size-large wp-image-106961\" alt=\"\" srcset=\"https:\/\/easyfairsassets.com\/sites\/241\/2025\/12\/Untitled-design-18-1024x1024.png 1024w, https:\/\/easyfairsassets.com\/sites\/241\/2025\/12\/Untitled-design-18-300x300.png 300w, https:\/\/easyfairsassets.com\/sites\/241\/2025\/12\/Untitled-design-18-150x150.png 150w, https:\/\/easyfairsassets.com\/sites\/241\/2025\/12\/Untitled-design-18-768x768.png 768w, https:\/\/easyfairsassets.com\/sites\/241\/2025\/12\/Untitled-design-18.png 1200w\" sizes=\"(max-width: 800px) 100vw, 800px\" \/>\t\t\t\t\t\t\t\t\t\t\t\t\t\t\t<\/div>\n\t\t\t\t<\/div>\n\t\t\t\t\t<\/div>\n\t\t<\/div>\n\t\t\t\t\t<\/div>\n\t\t<\/section>\n\t\t\t\t<section class=\"elementor-section elementor-top-section elementor-element elementor-element-0e5ddfb elementor-section-boxed elementor-section-height-default elementor-section-height-default\" data-id=\"0e5ddfb\" data-element_type=\"section\" data-settings=\"{&quot;background_background&quot;:&quot;classic&quot;}\">\n\t\t\t\t\t\t\t<div class=\"elementor-background-overlay\"><\/div>\n\t\t\t\t\t\t\t<div class=\"elementor-container elementor-column-gap-default\">\n\t\t\t\t\t<div class=\"elementor-column elementor-col-100 elementor-top-column elementor-element elementor-element-854ce37\" data-id=\"854ce37\" data-element_type=\"column\" data-settings=\"{&quot;background_background&quot;:&quot;classic&quot;}\">\n\t\t\t<div class=\"elementor-widget-wrap elementor-element-populated\">\n\t\t\t\t\t\t<div class=\"elementor-element elementor-element-c79b2a9 elementor-widget elementor-widget-heading\" data-id=\"c79b2a9\" data-element_type=\"widget\" data-widget_type=\"heading.default\">\n\t\t\t\t<div class=\"elementor-widget-container\">\n\t\t\t\t\t<h2 class=\"elementor-heading-title elementor-size-default\">Comment \u00e7a marche ?<\/h2>\t\t\t\t<\/div>\n\t\t\t\t<\/div>\n\t\t\t\t<div class=\"elementor-element elementor-element-c55ebae elementor-widget elementor-widget-text-editor\" data-id=\"c55ebae\" data-element_type=\"widget\" data-widget_type=\"text-editor.default\">\n\t\t\t\t<div class=\"elementor-widget-container\">\n\t\t\t\t\t\t\t\t\t<ul>\n<li><strong>Inscrivez-vous d&rsquo;abord au salon<\/strong> : une fois inscrit, vous recevrez un e-mail pour cr\u00e9er votre compte sur l&rsquo;application.<\/li>\n<li><strong>T\u00e9l\u00e9chargez l&rsquo;application<\/strong> : l&rsquo;application est disponible pour Android et iOS.<\/li>\n<li><strong>Cr\u00e9ez votre profil<\/strong> : parlez-nous de vos centres d&rsquo;int\u00e9r\u00eat, de votre entreprise et de ce que vous recherchez lors de l&rsquo;\u00e9v\u00e9nement.<\/li>\n<li><strong>Commencez \u00e0 rencontrer des gens<\/strong> : commencez \u00e0 explorer les recommandations, entrez en contact avec d&rsquo;autres professionnels et planifiez votre visite.<\/li>\n<li><strong>Tirez le meilleur parti de Worksafe<\/strong> : avec votre planning \u00e0 port\u00e9e de main, vous pouvez vous concentrer sur la cr\u00e9ation de liens utiles et la collecte d&rsquo;informations pr\u00e9cieuses.<\/li>\n<\/ul>\n\t\t\t\t\t\t\t\t<\/div>\n\t\t\t\t<\/div>\n\t\t\t\t\t<\/div>\n\t\t<\/div>\n\t\t\t\t\t<\/div>\n\t\t<\/section>\n\t\t\t\t<section class=\"elementor-section elementor-top-section elementor-element elementor-element-1718097 elementor-section-boxed elementor-section-height-default elementor-section-height-default\" data-id=\"1718097\" data-element_type=\"section\">\n\t\t\t\t\t\t<div class=\"elementor-container elementor-column-gap-default\">\n\t\t\t\t\t<div class=\"elementor-column elementor-col-100 elementor-top-column elementor-element elementor-element-40d7427\" data-id=\"40d7427\" data-element_type=\"column\">\n\t\t\t<div class=\"elementor-widget-wrap elementor-element-populated\">\n\t\t\t\t\t\t<div class=\"elementor-element elementor-element-4fa4663 elementor-widget elementor-widget-text-editor\" data-id=\"4fa4663\" data-element_type=\"widget\" data-widget_type=\"text-editor.default\">\n\t\t\t\t<div class=\"elementor-widget-container\">\n\t\t\t\t\t\t\t\t\t<h2>Profitez au maximum de votre visite \u00e0 Worksafe Flanders !<\/h2>\n<p>Notre application est bien plus qu&rsquo;un simple outil de planification. C&rsquo;est votre assistant personnel, con\u00e7u pour vous offrir une exp\u00e9rience riche et fluide, du moment o\u00f9 vous d\u00e9cidez de nous rendre visite jusqu&rsquo;\u00e0 votre d\u00e9part.<\/p>\n<p>N&rsquo;attendez plus et installez d\u00e8s maintenant l&rsquo;application Easyfairs Belgium ! Profitez au maximum de votre visite au salon, nouez de nouvelles relations et restez inform\u00e9 de tout ce que Worksafe a \u00e0 offrir.<\/p>\n<p><strong>\ud83d\udcf2 T\u00e9l\u00e9chargez l&rsquo;application d\u00e8s maintenant\u00a0<\/strong><\/p>\n\t\t\t\t\t\t\t\t<\/div>\n\t\t\t\t<\/div>\n\t\t\t\t\t<\/div>\n\t\t<\/div>\n\t\t\t\t\t<\/div>\n\t\t<\/section>\n\t\t\t\t<section class=\"elementor-section elementor-top-section elementor-element elementor-element-1ec1565 elementor-section-boxed elementor-section-height-default elementor-section-height-default\" data-id=\"1ec1565\" data-element_type=\"section\">\n\t\t\t\t\t\t<div class=\"elementor-container elementor-column-gap-default\">\n\t\t\t\t\t<div class=\"elementor-column elementor-col-50 elementor-top-column elementor-element elementor-element-faf5293\" data-id=\"faf5293\" data-element_type=\"column\">\n\t\t\t<div class=\"elementor-widget-wrap elementor-element-populated\">\n\t\t\t\t\t\t<div class=\"elementor-element elementor-element-c13e1c4 elementor-widget elementor-widget-image\" data-id=\"c13e1c4\" data-element_type=\"widget\" data-widget_type=\"image.default\">\n\t\t\t\t<div class=\"elementor-widget-container\">\n\t\t\t\t\t\t\t\t\t\t\t\t\t\t\t\t<a href=\"https:\/\/play.google.com\/store\/apps\/details?id=events.grip.efbe1047&#038;hl=en\">\n\t\t\t\t\t\t\t<img decoding=\"async\" width=\"223\" height=\"73\" src=\"https:\/\/easyfairsassets.com\/sites\/241\/2025\/12\/playstore-1.png\" class=\"attachment-large size-large wp-image-106964\" alt=\"\" \/>\t\t\t\t\t\t\t\t<\/a>\n\t\t\t\t\t\t\t\t\t\t\t\t\t\t\t<\/div>\n\t\t\t\t<\/div>\n\t\t\t\t\t<\/div>\n\t\t<\/div>\n\t\t\t\t<div class=\"elementor-column elementor-col-50 elementor-top-column elementor-element elementor-element-abf1eb2\" data-id=\"abf1eb2\" data-element_type=\"column\">\n\t\t\t<div class=\"elementor-widget-wrap elementor-element-populated\">\n\t\t\t\t\t\t<div class=\"elementor-element elementor-element-6665a41 elementor-widget elementor-widget-image\" data-id=\"6665a41\" data-element_type=\"widget\" data-widget_type=\"image.default\">\n\t\t\t\t<div class=\"elementor-widget-container\">\n\t\t\t\t\t\t\t\t\t\t\t\t\t\t\t\t<a href=\"https:\/\/apps.apple.com\/nl\/app\/easyfairs-belgium\/id6680193572\">\n\t\t\t\t\t\t\t<img loading=\"lazy\" decoding=\"async\" width=\"233\" height=\"76\" src=\"https:\/\/easyfairsassets.com\/sites\/241\/2025\/12\/appstore-1.png\" class=\"attachment-large size-large wp-image-106967\" alt=\"\" \/>\t\t\t\t\t\t\t\t<\/a>\n\t\t\t\t\t\t\t\t\t\t\t\t\t\t\t<\/div>\n\t\t\t\t<\/div>\n\t\t\t\t\t<\/div>\n\t\t<\/div>\n\t\t\t\t\t<\/div>\n\t\t<\/section>\n\t\t\t\t<\/div>\n\t\t","protected":false},"excerpt":{"rendered":"<p>Easyfairs Belgium App L&rsquo;application Easyfairs Belgium est votre assistant intelligent pour une visite optimale du salon. De la planification de votre agenda \u00e0 la d\u00e9couverte de nouveaux exposants et innovations, l&rsquo;application vous offre tout ce dont vous avez besoin pour tirer le meilleur parti de l&rsquo;\u00e9v\u00e9nement. Restez inform\u00e9 gr\u00e2ce aux notifications en temps r\u00e9el et [&hellip;]<\/p>\n","protected":false},"author":1475,"featured_media":0,"parent":0,"menu_order":0,"comment_status":"closed","ping_status":"closed","template":"","meta":{"_seopress_robots_primary_cat":"","_seopress_titles_title":"","_seopress_titles_desc":"","_seopress_robots_index":"","footnotes":""},"class_list":["post-106976","page","type-page","status-publish","hentry"],"_links":{"self":[{"href":"https:\/\/www.worksafe.be\/fr\/wp-json\/wp\/v2\/pages\/106976","targetHints":{"allow":["GET"]}}],"collection":[{"href":"https:\/\/www.worksafe.be\/fr\/wp-json\/wp\/v2\/pages"}],"about":[{"href":"https:\/\/www.worksafe.be\/fr\/wp-json\/wp\/v2\/types\/page"}],"author":[{"embeddable":true,"href":"https:\/\/www.worksafe.be\/fr\/wp-json\/wp\/v2\/users\/1475"}],"replies":[{"embeddable":true,"href":"https:\/\/www.worksafe.be\/fr\/wp-json\/wp\/v2\/comments?post=106976"}],"version-history":[{"count":5,"href":"https:\/\/www.worksafe.be\/fr\/wp-json\/wp\/v2\/pages\/106976\/revisions"}],"predecessor-version":[{"id":107005,"href":"https:\/\/www.worksafe.be\/fr\/wp-json\/wp\/v2\/pages\/106976\/revisions\/107005"}],"wp:attachment":[{"href":"https:\/\/www.worksafe.be\/fr\/wp-json\/wp\/v2\/media?parent=106976"}],"curies":[{"name":"wp","href":"https:\/\/api.w.org\/{rel}","templated":true}]}}