{"id":106992,"date":"2025-12-04T14:11:26","date_gmt":"2025-12-04T13:11:26","guid":{"rendered":"https:\/\/www.worksafe.be\/application-easyfairs-belgium-pour-les-exposants\/"},"modified":"2025-12-04T14:11:27","modified_gmt":"2025-12-04T13:11:27","slug":"application-easyfairs-belgium-pour-les-exposants","status":"publish","type":"page","link":"https:\/\/www.worksafe.be\/fr\/application-easyfairs-belgium-pour-les-exposants\/","title":{"rendered":"Application Easyfairs Belgium pour les exposants"},"content":{"rendered":"\t\t<div data-elementor-type=\"wp-page\" data-elementor-id=\"106992\" class=\"elementor elementor-106992 elementor-106978\" data-elementor-post-type=\"page\">\n\t\t\t\t<div class=\"elementor-element elementor-element-43e2694 e-flex e-con-boxed e-con e-parent\" data-id=\"43e2694\" data-element_type=\"container\">\n\t\t\t\t\t<div class=\"e-con-inner\">\n\t\t\t\t<div class=\"elementor-element elementor-element-7dec9ca elementor-widget elementor-widget-heading\" data-id=\"7dec9ca\" data-element_type=\"widget\" data-widget_type=\"heading.default\">\n\t\t\t\t<div class=\"elementor-widget-container\">\n\t\t\t\t\t<h2 class=\"elementor-heading-title elementor-size-default\">Optimisez votre participation au salon gr\u00e2ce \u00e0 l'application Easyfairs Belgium<\/h2>\t\t\t\t<\/div>\n\t\t\t\t<\/div>\n\t\t\t\t\t<\/div>\n\t\t\t\t<\/div>\n\t\t<div class=\"elementor-element elementor-element-22cf309 e-flex e-con-boxed e-con e-parent\" data-id=\"22cf309\" data-element_type=\"container\">\n\t\t\t\t\t<div class=\"e-con-inner\">\n\t\t\t\t<div class=\"elementor-element elementor-element-4e5766f elementor-widget elementor-widget-text-editor\" data-id=\"4e5766f\" data-element_type=\"widget\" data-widget_type=\"text-editor.default\">\n\t\t\t\t<div class=\"elementor-widget-container\">\n\t\t\t\t\t\t\t\t\t<p>D\u00e9couvrez la toute nouvelle <strong>application Easyfairs Belgium<\/strong> : l&rsquo;outil qui vous permettra de tirer le meilleur parti de votre participation au salon. \u00c9tablissez des contacts, planifiez des rendez-vous et restez pr\u00e9sent dans l&rsquo;esprit de vos clients et prospects, le tout via une seule application pratique.<\/p>\n<p>Que vous soyez un exposant exp\u00e9riment\u00e9 ou que vous participiez pour la premi\u00e8re fois, l&rsquo;application Easyfairs Belgium vous garantit une e<strong>xp\u00e9rience professionnelle, personnalis\u00e9e et efficace.<\/strong><\/p>\n\t\t\t\t\t\t\t\t<\/div>\n\t\t\t\t<\/div>\n\t\t\t\t\t<\/div>\n\t\t\t\t<\/div>\n\t\t<div class=\"elementor-element elementor-element-e0d3d71 e-flex e-con-boxed e-con e-parent\" data-id=\"e0d3d71\" data-element_type=\"container\">\n\t\t\t\t\t<div class=\"e-con-inner\">\n\t\t<div class=\"elementor-element elementor-element-d4f06ef e-con-full e-flex e-con e-child\" data-id=\"d4f06ef\" data-element_type=\"container\">\n\t\t\t\t<div class=\"elementor-element elementor-element-c18fca4 elementor-widget elementor-widget-image\" data-id=\"c18fca4\" data-element_type=\"widget\" data-widget_type=\"image.default\">\n\t\t\t\t<div class=\"elementor-widget-container\">\n\t\t\t\t\t\t\t\t\t\t\t\t\t\t\t<img decoding=\"async\" width=\"300\" height=\"114\" src=\"https:\/\/easyfairsassets.com\/sites\/241\/2020\/02\/Worksafe-logo-color-300x114.jpg\" class=\"attachment-medium size-medium wp-image-23\" alt=\"Worksafe logo\" srcset=\"https:\/\/easyfairsassets.com\/sites\/241\/2020\/02\/Worksafe-logo-color-300x114.jpg 300w, https:\/\/easyfairsassets.com\/sites\/241\/2020\/02\/Worksafe-logo-color.jpg 592w\" sizes=\"(max-width: 300px) 100vw, 300px\" \/>\t\t\t\t\t\t\t\t\t\t\t\t\t\t\t<\/div>\n\t\t\t\t<\/div>\n\t\t\t\t<\/div>\n\t\t<div class=\"elementor-element elementor-element-8c03e37 e-con-full e-flex e-con e-child\" data-id=\"8c03e37\" data-element_type=\"container\">\n\t\t\t\t<div class=\"elementor-element elementor-element-4e2033d elementor-widget elementor-widget-text-editor\" data-id=\"4e2033d\" data-element_type=\"widget\" data-widget_type=\"text-editor.default\">\n\t\t\t\t<div class=\"elementor-widget-container\">\n\t\t\t\t\t\t\t\t\t<p><strong>\ud83d\ude80 Pr\u00e9parez-vous en cr\u00e9ant votre profil et en invitant les membres de votre \u00e9quipe.<\/strong><\/p>\n<p>Les informations relatives \u00e0 votre entreprise sont pr\u00e9remplies \u00e0 partir de My Easyfairs. Il vous suffit de pr\u00e9parer votre planning pendant l&rsquo;\u00e9v\u00e9nement \u00e0 l&rsquo;aide de l&rsquo;application, afin que les visiteurs puissent communiquer avec vous \u00e0 l&rsquo;avance et planifier des rendez-vous lors de l&rsquo;\u00e9v\u00e9nement.<\/p>\n<p><strong>\ud83e\udd1d Recevez des recommandations personnalis\u00e9es.<\/strong><\/p>\n<p>L&rsquo;application vous propose les contacts les plus pertinents. Des personnes que vous voudrez certainement rencontrer lors de l&rsquo;\u00e9v\u00e9nement, en fonction de vos pr\u00e9f\u00e9rences et de vos int\u00e9r\u00eats.<\/p>\n\t\t\t\t\t\t\t\t<\/div>\n\t\t\t\t<\/div>\n\t\t\t\t<\/div>\n\t\t\t\t\t<\/div>\n\t\t\t\t<\/div>\n\t\t\t\t<section class=\"elementor-section elementor-top-section elementor-element elementor-element-837dfa6 elementor-section-boxed elementor-section-height-default elementor-section-height-default\" data-id=\"837dfa6\" data-element_type=\"section\" data-settings=\"{&quot;background_background&quot;:&quot;classic&quot;}\">\n\t\t\t\t\t\t\t<div class=\"elementor-background-overlay\"><\/div>\n\t\t\t\t\t\t\t<div class=\"elementor-container elementor-column-gap-default\">\n\t\t\t\t\t<div class=\"elementor-column elementor-col-50 elementor-top-column elementor-element elementor-element-615e323\" data-id=\"615e323\" data-element_type=\"column\" data-settings=\"{&quot;background_background&quot;:&quot;classic&quot;}\">\n\t\t\t<div class=\"elementor-widget-wrap elementor-element-populated\">\n\t\t\t\t\t\t<div class=\"elementor-element elementor-element-2cf5cd9 elementor-widget elementor-widget-heading\" data-id=\"2cf5cd9\" data-element_type=\"widget\" data-widget_type=\"heading.default\">\n\t\t\t\t<div class=\"elementor-widget-container\">\n\t\t\t\t\t<h2 class=\"elementor-heading-title elementor-size-default\">Avantages de l'application :<\/h2>\t\t\t\t<\/div>\n\t\t\t\t<\/div>\n\t\t\t\t<div class=\"elementor-element elementor-element-a529c35 elementor-widget elementor-widget-text-editor\" data-id=\"a529c35\" data-element_type=\"widget\" data-widget_type=\"text-editor.default\">\n\t\t\t\t<div class=\"elementor-widget-container\">\n\t\t\t\t\t\t\t\t\t<ol>\n<li><strong>R\u00e9seautage maximal<\/strong> : augmentez vos chances d&rsquo;entrer en contact avec des professionnels partageant les m\u00eames id\u00e9es.<\/li>\n<li><strong>Rendez-vous efficaces<\/strong> : communiquez facilement et planifiez vos rendez-vous.<\/li>\n<li><strong>Exp\u00e9rience personnalis\u00e9e<\/strong> : adaptez votre exp\u00e9rience \u00e9v\u00e9nementielle \u00e0 vos objectifs professionnels.<\/li>\n<\/ol>\n\t\t\t\t\t\t\t\t<\/div>\n\t\t\t\t<\/div>\n\t\t\t\t\t<\/div>\n\t\t<\/div>\n\t\t\t\t<div class=\"elementor-column elementor-col-50 elementor-top-column elementor-element elementor-element-1a9ec4d\" data-id=\"1a9ec4d\" data-element_type=\"column\" data-settings=\"{&quot;background_background&quot;:&quot;classic&quot;}\">\n\t\t\t<div class=\"elementor-widget-wrap elementor-element-populated\">\n\t\t\t\t\t\t<div class=\"elementor-element elementor-element-8a44d59 elementor-widget elementor-widget-image\" data-id=\"8a44d59\" data-element_type=\"widget\" data-widget_type=\"image.default\">\n\t\t\t\t<div class=\"elementor-widget-container\">\n\t\t\t\t\t\t\t\t\t\t\t\t\t\t\t<img fetchpriority=\"high\" decoding=\"async\" width=\"800\" height=\"800\" src=\"https:\/\/easyfairsassets.com\/sites\/241\/2025\/12\/Untitled-design-18-1024x1024.png\" class=\"attachment-large size-large wp-image-106961\" alt=\"\" srcset=\"https:\/\/easyfairsassets.com\/sites\/241\/2025\/12\/Untitled-design-18-1024x1024.png 1024w, https:\/\/easyfairsassets.com\/sites\/241\/2025\/12\/Untitled-design-18-300x300.png 300w, https:\/\/easyfairsassets.com\/sites\/241\/2025\/12\/Untitled-design-18-150x150.png 150w, https:\/\/easyfairsassets.com\/sites\/241\/2025\/12\/Untitled-design-18-768x768.png 768w, https:\/\/easyfairsassets.com\/sites\/241\/2025\/12\/Untitled-design-18.png 1200w\" sizes=\"(max-width: 800px) 100vw, 800px\" \/>\t\t\t\t\t\t\t\t\t\t\t\t\t\t\t<\/div>\n\t\t\t\t<\/div>\n\t\t\t\t\t<\/div>\n\t\t<\/div>\n\t\t\t\t\t<\/div>\n\t\t<\/section>\n\t\t\t\t<section class=\"elementor-section elementor-top-section elementor-element elementor-element-db25e41 elementor-section-boxed elementor-section-height-default elementor-section-height-default\" data-id=\"db25e41\" data-element_type=\"section\" data-settings=\"{&quot;background_background&quot;:&quot;classic&quot;}\">\n\t\t\t\t\t\t\t<div class=\"elementor-background-overlay\"><\/div>\n\t\t\t\t\t\t\t<div class=\"elementor-container elementor-column-gap-default\">\n\t\t\t\t\t<div class=\"elementor-column elementor-col-100 elementor-top-column elementor-element elementor-element-5240f04\" data-id=\"5240f04\" data-element_type=\"column\" data-settings=\"{&quot;background_background&quot;:&quot;classic&quot;}\">\n\t\t\t<div class=\"elementor-widget-wrap elementor-element-populated\">\n\t\t\t\t\t\t<div class=\"elementor-element elementor-element-10b42f3 elementor-widget elementor-widget-heading\" data-id=\"10b42f3\" data-element_type=\"widget\" data-widget_type=\"heading.default\">\n\t\t\t\t<div class=\"elementor-widget-container\">\n\t\t\t\t\t<h2 class=\"elementor-heading-title elementor-size-default\">Comment \u00e7a marche ?<\/h2>\t\t\t\t<\/div>\n\t\t\t\t<\/div>\n\t\t\t\t<div class=\"elementor-element elementor-element-e700b8a elementor-widget elementor-widget-text-editor\" data-id=\"e700b8a\" data-element_type=\"widget\" data-widget_type=\"text-editor.default\">\n\t\t\t\t<div class=\"elementor-widget-container\">\n\t\t\t\t\t\t\t\t\t<ul>\n<li><strong>Enregistrez votre personnel de stand<\/strong> : apr\u00e8s leur inscription, ils recevront un e-mail leur permettant de cr\u00e9er leur compte dans l&rsquo;application.<\/li>\n<li><strong>Configurez votre profil utilisateur<\/strong> : indiquez-nous vos centres d&rsquo;int\u00e9r\u00eat et ce que vous recherchez pendant l&rsquo;\u00e9v\u00e9nement.<\/li>\n<li><strong>T\u00e9l\u00e9chargez l&rsquo;application<\/strong> : t\u00e9l\u00e9chargez l&rsquo;application et profitez des avantages o\u00f9 que vous soyez et \u00e0 tout moment.<\/li>\n<\/ul>\n\t\t\t\t\t\t\t\t<\/div>\n\t\t\t\t<\/div>\n\t\t\t\t\t<\/div>\n\t\t<\/div>\n\t\t\t\t\t<\/div>\n\t\t<\/section>\n\t\t<div class=\"elementor-element elementor-element-db4c979 e-flex e-con-boxed e-con e-parent\" data-id=\"db4c979\" data-element_type=\"container\">\n\t\t\t\t\t<div class=\"e-con-inner\">\n\t\t\t\t<div class=\"elementor-element elementor-element-38dc292 elementor-widget elementor-widget-text-editor\" data-id=\"38dc292\" data-element_type=\"widget\" data-widget_type=\"text-editor.default\">\n\t\t\t\t<div class=\"elementor-widget-container\">\n\t\t\t\t\t\t\t\t\t<h2>Tirez le meilleur parti de votre participation !<\/h2><br>Notre application est plus qu&rsquo;un simple outil de planification. C&rsquo;est votre assistant personnel, con\u00e7u pour vous offrir une exp\u00e9rience riche et fluide, du moment o\u00f9 vous d\u00e9cidez de nous rendre visite jusqu&rsquo;\u00e0 votre d\u00e9part. N&rsquo;attendez plus et installez d\u00e8s maintenant l&rsquo;application Easyfairs Belgium ! Optimisez votre visite au salon, nouez de nouveaux contacts et restez inform\u00e9 de tout ce que Worksafe Flanders a \u00e0 offrir.<br><br><strong>\ud83d\udcf2 T\u00e9l\u00e9chargez l&rsquo;application d\u00e8s maintenant\u00a0<\/strong>\t\t\t\t\t\t\t\t<\/div>\n\t\t\t\t<\/div>\n\t\t\t\t\t<\/div>\n\t\t\t\t<\/div>\n\t\t\t\t<section class=\"elementor-section elementor-top-section elementor-element elementor-element-d2b94da elementor-section-boxed elementor-section-height-default elementor-section-height-default\" data-id=\"d2b94da\" data-element_type=\"section\">\n\t\t\t\t\t\t<div class=\"elementor-container elementor-column-gap-default\">\n\t\t\t\t\t<div class=\"elementor-column elementor-col-50 elementor-top-column elementor-element elementor-element-325d07b\" data-id=\"325d07b\" data-element_type=\"column\">\n\t\t\t<div class=\"elementor-widget-wrap elementor-element-populated\">\n\t\t\t\t\t\t<div class=\"elementor-element elementor-element-1447dbe elementor-widget elementor-widget-image\" data-id=\"1447dbe\" data-element_type=\"widget\" data-widget_type=\"image.default\">\n\t\t\t\t<div class=\"elementor-widget-container\">\n\t\t\t\t\t\t\t\t\t\t\t\t\t\t\t\t<a href=\"https:\/\/play.google.com\/store\/apps\/details?id=events.grip.efbe1047&#038;hl=en\">\n\t\t\t\t\t\t\t<img decoding=\"async\" width=\"223\" height=\"73\" src=\"https:\/\/easyfairsassets.com\/sites\/241\/2025\/12\/playstore-1.png\" class=\"attachment-large size-large wp-image-106964\" alt=\"\" \/>\t\t\t\t\t\t\t\t<\/a>\n\t\t\t\t\t\t\t\t\t\t\t\t\t\t\t<\/div>\n\t\t\t\t<\/div>\n\t\t\t\t\t<\/div>\n\t\t<\/div>\n\t\t\t\t<div class=\"elementor-column elementor-col-50 elementor-top-column elementor-element elementor-element-8ba1655\" data-id=\"8ba1655\" data-element_type=\"column\">\n\t\t\t<div class=\"elementor-widget-wrap elementor-element-populated\">\n\t\t\t\t\t\t<div class=\"elementor-element elementor-element-c8ee4ea elementor-widget elementor-widget-image\" data-id=\"c8ee4ea\" data-element_type=\"widget\" data-widget_type=\"image.default\">\n\t\t\t\t<div class=\"elementor-widget-container\">\n\t\t\t\t\t\t\t\t\t\t\t\t\t\t\t\t<a href=\"https:\/\/apps.apple.com\/nl\/app\/easyfairs-belgium\/id6680193572\">\n\t\t\t\t\t\t\t<img loading=\"lazy\" decoding=\"async\" width=\"233\" height=\"76\" src=\"https:\/\/easyfairsassets.com\/sites\/241\/2025\/12\/appstore-1.png\" class=\"attachment-large size-large wp-image-106967\" alt=\"\" \/>\t\t\t\t\t\t\t\t<\/a>\n\t\t\t\t\t\t\t\t\t\t\t\t\t\t\t<\/div>\n\t\t\t\t<\/div>\n\t\t\t\t\t<\/div>\n\t\t<\/div>\n\t\t\t\t\t<\/div>\n\t\t<\/section>\n\t\t\t\t<\/div>\n\t\t","protected":false},"excerpt":{"rendered":"<p>Optimisez votre participation au salon gr\u00e2ce \u00e0 l&rsquo;application Easyfairs Belgium D\u00e9couvrez la toute nouvelle application Easyfairs Belgium : l&rsquo;outil qui vous permettra de tirer le meilleur parti de votre participation au salon. \u00c9tablissez des contacts, planifiez des rendez-vous et restez pr\u00e9sent dans l&rsquo;esprit de vos clients et prospects, le tout via une seule application pratique. [&hellip;]<\/p>\n","protected":false},"author":1475,"featured_media":0,"parent":0,"menu_order":0,"comment_status":"closed","ping_status":"closed","template":"","meta":{"_seopress_robots_primary_cat":"","_seopress_titles_title":"","_seopress_titles_desc":"","_seopress_robots_index":"","footnotes":""},"class_list":["post-106992","page","type-page","status-publish","hentry"],"_links":{"self":[{"href":"https:\/\/www.worksafe.be\/fr\/wp-json\/wp\/v2\/pages\/106992","targetHints":{"allow":["GET"]}}],"collection":[{"href":"https:\/\/www.worksafe.be\/fr\/wp-json\/wp\/v2\/pages"}],"about":[{"href":"https:\/\/www.worksafe.be\/fr\/wp-json\/wp\/v2\/types\/page"}],"author":[{"embeddable":true,"href":"https:\/\/www.worksafe.be\/fr\/wp-json\/wp\/v2\/users\/1475"}],"replies":[{"embeddable":true,"href":"https:\/\/www.worksafe.be\/fr\/wp-json\/wp\/v2\/comments?post=106992"}],"version-history":[{"count":1,"href":"https:\/\/www.worksafe.be\/fr\/wp-json\/wp\/v2\/pages\/106992\/revisions"}],"predecessor-version":[{"id":106993,"href":"https:\/\/www.worksafe.be\/fr\/wp-json\/wp\/v2\/pages\/106992\/revisions\/106993"}],"wp:attachment":[{"href":"https:\/\/www.worksafe.be\/fr\/wp-json\/wp\/v2\/media?parent=106992"}],"curies":[{"name":"wp","href":"https:\/\/api.w.org\/{rel}","templated":true}]}}