{"id":222,"date":"2020-04-20T16:09:03","date_gmt":"2020-04-20T14:09:03","guid":{"rendered":"https:\/\/www.worksafe.be\/infos-pratiques\/"},"modified":"2025-02-28T16:10:16","modified_gmt":"2025-02-28T15:10:16","slug":"infos-pratiques","status":"publish","type":"page","link":"https:\/\/www.worksafe.be\/fr\/infos-pratiques\/","title":{"rendered":"Infos pratiques"},"content":{"rendered":"\t\t<div data-elementor-type=\"wp-page\" data-elementor-id=\"222\" class=\"elementor elementor-222 elementor-94\" data-elementor-post-type=\"page\">\n\t\t\t\t\t\t<section class=\"elementor-section elementor-top-section elementor-element elementor-element-103f242 elementor-section-boxed elementor-section-height-default elementor-section-height-default\" data-id=\"103f242\" data-element_type=\"section\">\n\t\t\t\t\t\t<div class=\"elementor-container elementor-column-gap-default\">\n\t\t\t\t\t<div class=\"elementor-column elementor-col-100 elementor-top-column elementor-element elementor-element-8ed2d99\" data-id=\"8ed2d99\" data-element_type=\"column\">\n\t\t\t<div class=\"elementor-widget-wrap elementor-element-populated\">\n\t\t\t\t\t\t<div class=\"elementor-element elementor-element-604ec536 elementor-widget elementor-widget-text-editor\" data-id=\"604ec536\" data-element_type=\"widget\" data-widget_type=\"text-editor.default\">\n\t\t\t\t<div class=\"elementor-widget-container\">\n\t\t\t\t\t\t\t\t\t<h1>Infos pratiques<\/h1>\n\t\t\t\t\t\t\t\t<\/div>\n\t\t\t\t<\/div>\n\t\t\t\t\t<\/div>\n\t\t<\/div>\n\t\t\t\t\t<\/div>\n\t\t<\/section>\n\t\t\t\t<section class=\"elementor-section elementor-top-section elementor-element elementor-element-45ea3f30 elementor-section-boxed elementor-section-height-default elementor-section-height-default\" data-id=\"45ea3f30\" data-element_type=\"section\">\n\t\t\t\t\t\t<div class=\"elementor-container elementor-column-gap-default\">\n\t\t\t\t\t<div class=\"elementor-column elementor-col-33 elementor-top-column elementor-element elementor-element-5570dd08\" data-id=\"5570dd08\" data-element_type=\"column\" data-settings=\"{&quot;background_background&quot;:&quot;classic&quot;}\">\n\t\t\t<div class=\"elementor-widget-wrap elementor-element-populated\">\n\t\t\t\t\t\t<div class=\"elementor-element elementor-element-627a3bf elementor-view-default elementor-widget elementor-widget-icon\" data-id=\"627a3bf\" data-element_type=\"widget\" data-widget_type=\"icon.default\">\n\t\t\t\t<div class=\"elementor-widget-container\">\n\t\t\t\t\t\t\t<div class=\"elementor-icon-wrapper\">\n\t\t\t<div class=\"elementor-icon\">\n\t\t\t<i aria-hidden=\"true\" class=\"far fa-calendar-alt\"><\/i>\t\t\t<\/div>\n\t\t<\/div>\n\t\t\t\t\t\t<\/div>\n\t\t\t\t<\/div>\n\t\t\t\t<div class=\"elementor-element elementor-element-f5f2b1b elementor-widget elementor-widget-heading\" data-id=\"f5f2b1b\" data-element_type=\"widget\" data-widget_type=\"heading.default\">\n\t\t\t\t<div class=\"elementor-widget-container\">\n\t\t\t\t\t<h2 class=\"elementor-heading-title elementor-size-default\">Quand?<\/h2>\t\t\t\t<\/div>\n\t\t\t\t<\/div>\n\t\t\t\t<div class=\"elementor-element elementor-element-4f21d3b elementor-widget elementor-widget-text-editor\" data-id=\"4f21d3b\" data-element_type=\"widget\" data-widget_type=\"text-editor.default\">\n\t\t\t\t<div class=\"elementor-widget-container\">\n\t\t\t\t\t\t\t\t\t<p><strong>26\/03\/2023:\u00a0<\/strong>09.30 &#8211; 17.00<\/p>\n<p><strong>27\/03\/2023:<\/strong>\u00a009.30 &#8211; 17.00<\/p>\n<p><strong>Masterclasses \u00e0 partir de<\/strong>\u00a08.30 &#8211; 16.00<\/p>\n\t\t\t\t\t\t\t\t<\/div>\n\t\t\t\t<\/div>\n\t\t\t\t\t<\/div>\n\t\t<\/div>\n\t\t\t\t<div class=\"elementor-column elementor-col-33 elementor-top-column elementor-element elementor-element-3d77d37\" data-id=\"3d77d37\" data-element_type=\"column\" data-settings=\"{&quot;background_background&quot;:&quot;classic&quot;}\">\n\t\t\t<div class=\"elementor-widget-wrap elementor-element-populated\">\n\t\t\t\t\t\t<div class=\"elementor-element elementor-element-541fa09 elementor-view-default elementor-widget elementor-widget-icon\" data-id=\"541fa09\" data-element_type=\"widget\" data-widget_type=\"icon.default\">\n\t\t\t\t<div class=\"elementor-widget-container\">\n\t\t\t\t\t\t\t<div class=\"elementor-icon-wrapper\">\n\t\t\t<div class=\"elementor-icon\">\n\t\t\t<i aria-hidden=\"true\" class=\"fas fa-map-marked-alt\"><\/i>\t\t\t<\/div>\n\t\t<\/div>\n\t\t\t\t\t\t<\/div>\n\t\t\t\t<\/div>\n\t\t\t\t<div class=\"elementor-element elementor-element-8e06359 elementor-widget elementor-widget-heading\" data-id=\"8e06359\" data-element_type=\"widget\" data-widget_type=\"heading.default\">\n\t\t\t\t<div class=\"elementor-widget-container\">\n\t\t\t\t\t<h2 class=\"elementor-heading-title elementor-size-default\">O\u00f9?<\/h2>\t\t\t\t<\/div>\n\t\t\t\t<\/div>\n\t\t\t\t<div class=\"elementor-element elementor-element-7f2aef7 elementor-widget elementor-widget-text-editor\" data-id=\"7f2aef7\" data-element_type=\"widget\" data-widget_type=\"text-editor.default\">\n\t\t\t\t<div class=\"elementor-widget-container\">\n\t\t\t\t\t\t\t\t\t<p>Jan van Rijswijcklaan 191, 2020 Anvers<\/p>\n\t\t\t\t\t\t\t\t<\/div>\n\t\t\t\t<\/div>\n\t\t\t\t\t<\/div>\n\t\t<\/div>\n\t\t\t\t<div class=\"elementor-column elementor-col-33 elementor-top-column elementor-element elementor-element-3febf4f\" data-id=\"3febf4f\" data-element_type=\"column\" data-settings=\"{&quot;background_background&quot;:&quot;classic&quot;}\">\n\t\t\t<div class=\"elementor-widget-wrap elementor-element-populated\">\n\t\t\t\t\t\t<div class=\"elementor-element elementor-element-a10210b elementor-view-default elementor-widget elementor-widget-icon\" data-id=\"a10210b\" data-element_type=\"widget\" data-widget_type=\"icon.default\">\n\t\t\t\t<div class=\"elementor-widget-container\">\n\t\t\t\t\t\t\t<div class=\"elementor-icon-wrapper\">\n\t\t\t<div class=\"elementor-icon\">\n\t\t\t<i aria-hidden=\"true\" class=\"fas fa-ticket-alt\"><\/i>\t\t\t<\/div>\n\t\t<\/div>\n\t\t\t\t\t\t<\/div>\n\t\t\t\t<\/div>\n\t\t\t\t<div class=\"elementor-element elementor-element-a4e453b elementor-widget elementor-widget-heading\" data-id=\"a4e453b\" data-element_type=\"widget\" data-widget_type=\"heading.default\">\n\t\t\t\t<div class=\"elementor-widget-container\">\n\t\t\t\t\t<h2 class=\"elementor-heading-title elementor-size-default\">Inscription gratuite<\/h2>\t\t\t\t<\/div>\n\t\t\t\t<\/div>\n\t\t\t\t<div class=\"elementor-element elementor-element-40e317f elementor-align-center elementor-widget elementor-widget-dynamic-button\" data-id=\"40e317f\" data-element_type=\"widget\" data-widget_type=\"dynamic-button.default\">\n\t\t\t\t<div class=\"elementor-widget-container\">\n\t\t\t\t\t        <div class=\"elementor-button-wrapper\">\n            <a href=\"https:\/\/www.worksafe.be\/nl\/contact\/\" target=\"_blank\" class=\"elementor-button-link elementor-button elementor-size-sm\" role=\"button\">\n                        <span class=\"elementor-button-content-wrapper\">\n\t\t\t                <span class=\"elementor-button-icon elementor-align-icon-right\">\n\t\t\t\t<i aria-hidden=\"true\" class=\"fas fa-long-arrow-alt-right\"><\/i>\t\t\t<\/span>\n            \t\t\t<span class=\"elementor-button-text\">Registreer hier voor gratis toegang<\/span>\n\t\t<\/span>\n                    <\/a>\n        <\/div>\n        \t\t\t\t<\/div>\n\t\t\t\t<\/div>\n\t\t\t\t\t<\/div>\n\t\t<\/div>\n\t\t\t\t\t<\/div>\n\t\t<\/section>\n\t\t\t\t<section class=\"elementor-section elementor-top-section elementor-element elementor-element-6664c4aa elementor-hidden-tablet elementor-hidden-phone elementor-section-boxed elementor-section-height-default elementor-section-height-default\" data-id=\"6664c4aa\" data-element_type=\"section\">\n\t\t\t\t\t\t<div class=\"elementor-container elementor-column-gap-default\">\n\t\t\t\t\t<div class=\"elementor-column elementor-col-100 elementor-top-column elementor-element elementor-element-4344df02\" data-id=\"4344df02\" data-element_type=\"column\">\n\t\t\t<div class=\"elementor-widget-wrap elementor-element-populated\">\n\t\t\t\t\t\t<div class=\"elementor-element elementor-element-362997d7 elementor-widget elementor-widget-heading\" data-id=\"362997d7\" data-element_type=\"widget\" data-widget_type=\"heading.default\">\n\t\t\t\t<div class=\"elementor-widget-container\">\n\t\t\t\t\t<h2 class=\"elementor-heading-title elementor-size-default\">Comment s'y rendre?<\/h2>\t\t\t\t<\/div>\n\t\t\t\t<\/div>\n\t\t\t\t<div class=\"elementor-element elementor-element-d777592 elementor-widget elementor-widget-text-editor\" data-id=\"d777592\" data-element_type=\"widget\" data-widget_type=\"text-editor.default\">\n\t\t\t\t<div class=\"elementor-widget-container\">\n\t\t\t\t\t\t\t\t\t<p>Si vous venez en <strong>voiture<\/strong>, vous trouverez un parking \u00e0 proximit\u00e9, sur la Vogelzanglaan.<\/p>\n<p>Mais que faire si vous pr\u00e9f\u00e9rez laisser la voiture de c\u00f4t\u00e9 ?<br \/>\nPas de probl\u00e8me, il suffit alors de prendre le <strong>tram<\/strong>, le <strong>bus<\/strong> ou le <strong>v\u00e9lo<\/strong>. Et s&rsquo;arr\u00eater juste devant la porte.<\/p>\n\t\t\t\t\t\t\t\t<\/div>\n\t\t\t\t<\/div>\n\t\t\t\t<section class=\"elementor-section elementor-inner-section elementor-element elementor-element-7d33075e elementor-section-boxed elementor-section-height-default elementor-section-height-default\" data-id=\"7d33075e\" data-element_type=\"section\">\n\t\t\t\t\t\t<div class=\"elementor-container elementor-column-gap-default\">\n\t\t\t\t\t<div class=\"elementor-column elementor-col-50 elementor-inner-column elementor-element elementor-element-2a07c231\" data-id=\"2a07c231\" data-element_type=\"column\">\n\t\t\t<div class=\"elementor-widget-wrap elementor-element-populated\">\n\t\t\t\t\t\t<div class=\"elementor-element elementor-element-2a21f875 elementor-widget elementor-widget-toggle\" data-id=\"2a21f875\" data-element_type=\"widget\" data-widget_type=\"toggle.default\">\n\t\t\t\t<div class=\"elementor-widget-container\">\n\t\t\t\t\t\t\t<div class=\"elementor-toggle\">\n\t\t\t\t\t\t\t<div class=\"elementor-toggle-item\">\n\t\t\t\t\t<div id=\"elementor-tab-title-7061\" class=\"elementor-tab-title\" data-tab=\"1\" role=\"button\" aria-controls=\"elementor-tab-content-7061\" aria-expanded=\"false\">\n\t\t\t\t\t\t\t\t\t\t\t\t<span class=\"elementor-toggle-icon elementor-toggle-icon-right\" aria-hidden=\"true\">\n\t\t\t\t\t\t\t\t\t\t\t\t\t\t\t<span class=\"elementor-toggle-icon-closed\"><i class=\"fas fa-long-arrow-alt-down\"><\/i><\/span>\n\t\t\t\t\t\t\t\t<span class=\"elementor-toggle-icon-opened\"><i class=\"elementor-toggle-icon-opened fas fa-long-arrow-alt-up\"><\/i><\/span>\n\t\t\t\t\t\t\t\t\t\t\t\t\t<\/span>\n\t\t\t\t\t\t\t\t\t\t\t\t<a class=\"elementor-toggle-title\" tabindex=\"0\">Transport en commun<\/a>\n\t\t\t\t\t<\/div>\n\n\t\t\t\t\t<div id=\"elementor-tab-content-7061\" class=\"elementor-tab-content elementor-clearfix\" data-tab=\"1\" role=\"region\" aria-labelledby=\"elementor-tab-title-7061\"><ul>\n<li><strong>En train (SNCB)<\/strong><br \/>\nPrenez le train jusqu\u2019\u00e0 la gare d\u2019Anvers-Central. De la gare, prenez le tram 2, le tram 6 ou le bus 17. Plus d\u2019informations sur <a href=\"http:\/\/www.belgianrail.be\">www.belgianrail.be<\/a>.<\/li>\n<li><strong>Tram (De Lijn):<\/strong> Tram 2: Merksem \u2013 Hoboken (direction Hoboken) en Tram 6: Luchtbal \u2013 Olympiade (direction Olympiade). Les trams s\u2019arr\u00eatent juste devant l\u2019entr\u00e9e d\u2019Antwerp Expo. Plus d\u2019informations sur <a href=\"http:\/\/www.delijn.be\">www.delijn.be.<\/a><\/li>\n<li><strong>Bus (De Lijn):<\/strong> Bus 17: Rijnkaai \u2013 Centraal Station \u2013 UZA (direction UZA) et bus 22: Groenplaats \u2013 Valaar \u2013 UZA (direction UZA). Plus d\u2019informations <a href=\"http:\/\/www.delijn.be\">www.delijn.be<\/a>.<\/li>\n<\/ul>\n<\/div>\n\t\t\t\t<\/div>\n\t\t\t\t\t\t\t\t<\/div>\n\t\t\t\t\t\t<\/div>\n\t\t\t\t<\/div>\n\t\t\t\t<div class=\"elementor-element elementor-element-15e6dc5e elementor-widget elementor-widget-toggle\" data-id=\"15e6dc5e\" data-element_type=\"widget\" data-widget_type=\"toggle.default\">\n\t\t\t\t<div class=\"elementor-widget-container\">\n\t\t\t\t\t\t\t<div class=\"elementor-toggle\">\n\t\t\t\t\t\t\t<div class=\"elementor-toggle-item\">\n\t\t\t\t\t<div id=\"elementor-tab-title-3671\" class=\"elementor-tab-title\" data-tab=\"1\" role=\"button\" aria-controls=\"elementor-tab-content-3671\" aria-expanded=\"false\">\n\t\t\t\t\t\t\t\t\t\t\t\t<span class=\"elementor-toggle-icon elementor-toggle-icon-right\" aria-hidden=\"true\">\n\t\t\t\t\t\t\t\t\t\t\t\t\t\t\t<span class=\"elementor-toggle-icon-closed\"><i class=\"fas fa-long-arrow-alt-down\"><\/i><\/span>\n\t\t\t\t\t\t\t\t<span class=\"elementor-toggle-icon-opened\"><i class=\"elementor-toggle-icon-opened fas fa-long-arrow-alt-up\"><\/i><\/span>\n\t\t\t\t\t\t\t\t\t\t\t\t\t<\/span>\n\t\t\t\t\t\t\t\t\t\t\t\t<a class=\"elementor-toggle-title\" tabindex=\"0\">En voiture<\/a>\n\t\t\t\t\t<\/div>\n\n\t\t\t\t\t<div id=\"elementor-tab-content-3671\" class=\"elementor-tab-content elementor-clearfix\" data-tab=\"1\" role=\"region\" aria-labelledby=\"elementor-tab-title-3671\"><ul>\n<li><strong>Venant de Bruxelles<\/strong> via l\u2019 E19 : prenez la sortie5a\/ \u00bbAntwerpen-Centrum \u00bb. Aux feux, tournez \u00e0 gauche, direction Singel-Zuid. Au deuxi\u00e8me feu, tournez \u00e0 gauche dans la Jan van Rijswijcklaan.<\/li>\n<li><strong>Venant de Gand<\/strong> via l\u2019 E17 : prenez la sortie 5 \u00ab Wilrijk\/Berchem \u00bb, prenez directement \u00e0 droite et puis encore la premi\u00e8re \u00e0 droite \u00e0 la pompe \u00e0 essence ESSO. \u00c0 la fin de la route, tournez \u00e0 droite dans la Jan van Rijswijcklaan. Apr\u00e8s vous verrez Antwerp Expo \u00e0 votre droite.<\/li>\n<li><strong>Venant de Breda, Hasselt ou Turnhout<\/strong> : prenez le ring en direction de Bruxelles. Prenez la sortie 5 \u00ab Wilrijk \u00bb. Aux feux, vous verrez une fl\u00e8che pour Antwerp expo devant vous. Apr\u00e8s le Crowne Plaza Hotel, tournez \u00e0 gauche et puis prenez \u00e0 droite \u00e0 la fin de la rue. Vous verrez Antwerp Expo \u00e0 votre droite.<\/li>\n<\/ul>\n<\/div>\n\t\t\t\t<\/div>\n\t\t\t\t\t\t\t\t<\/div>\n\t\t\t\t\t\t<\/div>\n\t\t\t\t<\/div>\n\t\t\t\t\t<\/div>\n\t\t<\/div>\n\t\t\t\t<div class=\"elementor-column elementor-col-50 elementor-inner-column elementor-element elementor-element-a831f21\" data-id=\"a831f21\" data-element_type=\"column\">\n\t\t\t<div class=\"elementor-widget-wrap elementor-element-populated\">\n\t\t\t\t\t\t<div class=\"elementor-element elementor-element-68d1daf elementor-widget elementor-widget-toggle\" data-id=\"68d1daf\" data-element_type=\"widget\" data-widget_type=\"toggle.default\">\n\t\t\t\t<div class=\"elementor-widget-container\">\n\t\t\t\t\t\t\t<div class=\"elementor-toggle\">\n\t\t\t\t\t\t\t<div class=\"elementor-toggle-item\">\n\t\t\t\t\t<div id=\"elementor-tab-title-1091\" class=\"elementor-tab-title\" data-tab=\"1\" role=\"button\" aria-controls=\"elementor-tab-content-1091\" aria-expanded=\"false\">\n\t\t\t\t\t\t\t\t\t\t\t\t<span class=\"elementor-toggle-icon elementor-toggle-icon-right\" aria-hidden=\"true\">\n\t\t\t\t\t\t\t\t\t\t\t\t\t\t\t<span class=\"elementor-toggle-icon-closed\"><i class=\"fas fa-long-arrow-alt-down\"><\/i><\/span>\n\t\t\t\t\t\t\t\t<span class=\"elementor-toggle-icon-opened\"><i class=\"elementor-toggle-icon-opened fas fa-long-arrow-alt-up\"><\/i><\/span>\n\t\t\t\t\t\t\t\t\t\t\t\t\t<\/span>\n\t\t\t\t\t\t\t\t\t\t\t\t<a class=\"elementor-toggle-title\" tabindex=\"0\">A v\u00e9lo<\/a>\n\t\t\t\t\t<\/div>\n\n\t\t\t\t\t<div id=\"elementor-tab-content-1091\" class=\"elementor-tab-content elementor-clearfix\" data-tab=\"1\" role=\"region\" aria-labelledby=\"elementor-tab-title-1091\"><ul>\n<li>Louez un v\u00e9lo de ville aupr\u00e8s de <a href=\"https:\/\/www.velo-antwerpen.be\/\" target=\"_blank\" rel=\"noopener\">Velo Antwerpen.<\/a> Il y a un parking juste devant la porte d&rsquo;Antwerp Expo. Ou venez avec votre propre v\u00e9lo, bien s\u00fbr.<\/li>\n<\/ul>\n<\/div>\n\t\t\t\t<\/div>\n\t\t\t\t\t\t\t\t<\/div>\n\t\t\t\t\t\t<\/div>\n\t\t\t\t<\/div>\n\t\t\t\t<div class=\"elementor-element elementor-element-f95ea78 elementor-widget elementor-widget-toggle\" data-id=\"f95ea78\" data-element_type=\"widget\" data-widget_type=\"toggle.default\">\n\t\t\t\t<div class=\"elementor-widget-container\">\n\t\t\t\t\t\t\t<div class=\"elementor-toggle\">\n\t\t\t\t\t\t\t<div class=\"elementor-toggle-item\">\n\t\t\t\t\t<div id=\"elementor-tab-title-2611\" class=\"elementor-tab-title\" data-tab=\"1\" role=\"button\" aria-controls=\"elementor-tab-content-2611\" aria-expanded=\"false\">\n\t\t\t\t\t\t\t\t\t\t\t\t<span class=\"elementor-toggle-icon elementor-toggle-icon-right\" aria-hidden=\"true\">\n\t\t\t\t\t\t\t\t\t\t\t\t\t\t\t<span class=\"elementor-toggle-icon-closed\"><i class=\"fas fa-long-arrow-alt-down\"><\/i><\/span>\n\t\t\t\t\t\t\t\t<span class=\"elementor-toggle-icon-opened\"><i class=\"elementor-toggle-icon-opened fas fa-long-arrow-alt-up\"><\/i><\/span>\n\t\t\t\t\t\t\t\t\t\t\t\t\t<\/span>\n\t\t\t\t\t\t\t\t\t\t\t\t<a class=\"elementor-toggle-title\" tabindex=\"0\">Parking<\/a>\n\t\t\t\t\t<\/div>\n\n\t\t\t\t\t<div id=\"elementor-tab-content-2611\" class=\"elementor-tab-content elementor-clearfix\" data-tab=\"1\" role=\"region\" aria-labelledby=\"elementor-tab-title-2611\"><ul>\n<li><strong>Vous pouvez payer pour vous garer<\/strong> dans le parking visiteurs de Vogelzang, \u00e0 c\u00f4t\u00e9 d&rsquo;Antwerp Expo.<\/li>\n<li><strong>Vous pouvez vous garer gratuitement<\/strong> sur la voie publique de la Vogelzanglaan et dans divers parkings de la r\u00e9gion.<\/li>\n<\/ul>\n<\/div>\n\t\t\t\t<\/div>\n\t\t\t\t\t\t\t\t<\/div>\n\t\t\t\t\t\t<\/div>\n\t\t\t\t<\/div>\n\t\t\t\t\t<\/div>\n\t\t<\/div>\n\t\t\t\t\t<\/div>\n\t\t<\/section>\n\t\t\t\t\t<\/div>\n\t\t<\/div>\n\t\t\t\t\t<\/div>\n\t\t<\/section>\n\t\t<div class=\"elementor-element elementor-element-b93d59e e-flex e-con-boxed e-con e-parent\" data-id=\"b93d59e\" data-element_type=\"container\">\n\t\t\t\t\t<div class=\"e-con-inner\">\n\t\t\t\t<div class=\"elementor-element elementor-element-f91bc94 elementor-widget elementor-widget-text-editor\" data-id=\"f91bc94\" data-element_type=\"widget\" data-widget_type=\"text-editor.default\">\n\t\t\t\t<div class=\"elementor-widget-container\">\n\t\t\t\t\t\t\t\t\t<h3>Service de navette gare de Berchem &#8211; Antwerp Expo<\/h3>\n<p>Vous venez en train ? Nous vous proposons <strong>une navette gratuite<\/strong> de la gare d&rsquo;Anvers-Berchem (Posthoflei 1, sortie Starbuck) jusqu&rsquo;\u00e0 l&rsquo;\u00e9v\u00e9nement. Les navettes sont reconnaissables \u00e0 l&rsquo;autocollant Antwerp Expo. Vous partez d&rsquo;Antwerp Expo ? Les navettes vous attendent<strong> \u00e0 la station de taxis \u00e0 l&rsquo;entr\u00e9e 2.<\/strong><\/p>\n<p>Les navettes circulent le <strong>mercredi 26\/03<\/strong> entre <strong>08h00 et 18h00<\/strong>. Le <strong>jeudi 27\/03<\/strong> entre <strong>08h00 et 17h00<\/strong>.<\/p>\n<p><strong>PS<\/strong> : pour r\u00e9duire au maximum l&#8217;empreinte carbone, nous utilisons des camionnettes \u00e9lectriques de Volkswagen.<\/p>\n\t\t\t\t\t\t\t\t<\/div>\n\t\t\t\t<\/div>\n\t\t\t\t\t<\/div>\n\t\t\t\t<\/div>\n\t\t<div class=\"elementor-element elementor-element-9f33be2 e-flex e-con-boxed e-con e-parent\" data-id=\"9f33be2\" data-element_type=\"container\">\n\t\t\t\t\t<div class=\"e-con-inner\">\n\t\t<div class=\"elementor-element elementor-element-a7cbf77 e-con-full e-flex e-con e-child\" data-id=\"a7cbf77\" data-element_type=\"container\">\n\t\t\t\t<div class=\"elementor-element elementor-element-26d7d77 elementor-widget elementor-widget-image\" data-id=\"26d7d77\" data-element_type=\"widget\" data-widget_type=\"image.default\">\n\t\t\t\t<div class=\"elementor-widget-container\">\n\t\t\t\t\t\t\t\t\t\t\t\t\t\t\t<img fetchpriority=\"high\" decoding=\"async\" width=\"609\" height=\"345\" src=\"https:\/\/easyfairsassets.com\/sites\/241\/2025\/02\/image005.png\" class=\"attachment-large size-large wp-image-99420\" alt=\"\" srcset=\"https:\/\/easyfairsassets.com\/sites\/241\/2025\/02\/image005.png 609w, https:\/\/easyfairsassets.com\/sites\/241\/2025\/02\/image005-300x170.png 300w\" sizes=\"(max-width: 609px) 100vw, 609px\" \/>\t\t\t\t\t\t\t\t\t\t\t\t\t\t\t<\/div>\n\t\t\t\t<\/div>\n\t\t\t\t<\/div>\n\t\t<div class=\"elementor-element elementor-element-9fb32f4 e-con-full e-flex e-con e-child\" data-id=\"9fb32f4\" data-element_type=\"container\">\n\t\t\t\t<div class=\"elementor-element elementor-element-355b744 elementor-widget elementor-widget-image\" data-id=\"355b744\" data-element_type=\"widget\" data-widget_type=\"image.default\">\n\t\t\t\t<div class=\"elementor-widget-container\">\n\t\t\t\t\t\t\t\t\t\t\t\t\t\t\t<img decoding=\"async\" width=\"609\" height=\"345\" src=\"https:\/\/easyfairsassets.com\/sites\/241\/2025\/02\/Untitled-609-x-345-px-1.png\" class=\"attachment-large size-large wp-image-99429\" alt=\"\" srcset=\"https:\/\/easyfairsassets.com\/sites\/241\/2025\/02\/Untitled-609-x-345-px-1.png 609w, https:\/\/easyfairsassets.com\/sites\/241\/2025\/02\/Untitled-609-x-345-px-1-300x170.png 300w\" sizes=\"(max-width: 609px) 100vw, 609px\" \/>\t\t\t\t\t\t\t\t\t\t\t\t\t\t\t<\/div>\n\t\t\t\t<\/div>\n\t\t\t\t<\/div>\n\t\t\t\t\t<\/div>\n\t\t\t\t<\/div>\n\t\t\t\t<\/div>\n\t\t","protected":false},"excerpt":{"rendered":"<p>Infos pratiques Quand? 26\/03\/2023:\u00a009.30 &#8211; 17.00 27\/03\/2023:\u00a009.30 &#8211; 17.00 Masterclasses \u00e0 partir de\u00a08.30 &#8211; 16.00 O\u00f9? Jan van Rijswijcklaan 191, 2020 Anvers Inscription gratuite Registreer hier voor gratis toegang Comment s&rsquo;y rendre? Si vous venez en voiture, vous trouverez un parking \u00e0 proximit\u00e9, sur la Vogelzanglaan. Mais que faire si vous pr\u00e9f\u00e9rez laisser la voiture [&hellip;]<\/p>\n","protected":false},"author":39,"featured_media":0,"parent":0,"menu_order":0,"comment_status":"closed","ping_status":"closed","template":"","meta":{"_seopress_robots_primary_cat":"","_seopress_titles_title":"Info pratiques - Worksafe Flanders","_seopress_titles_desc":"Retrouvez toutes les informations pratiques sur Worksafe Flanders ici.","_seopress_robots_index":"","footnotes":""},"class_list":["post-222","page","type-page","status-publish","hentry"],"_links":{"self":[{"href":"https:\/\/www.worksafe.be\/fr\/wp-json\/wp\/v2\/pages\/222","targetHints":{"allow":["GET"]}}],"collection":[{"href":"https:\/\/www.worksafe.be\/fr\/wp-json\/wp\/v2\/pages"}],"about":[{"href":"https:\/\/www.worksafe.be\/fr\/wp-json\/wp\/v2\/types\/page"}],"author":[{"embeddable":true,"href":"https:\/\/www.worksafe.be\/fr\/wp-json\/wp\/v2\/users\/39"}],"replies":[{"embeddable":true,"href":"https:\/\/www.worksafe.be\/fr\/wp-json\/wp\/v2\/comments?post=222"}],"version-history":[{"count":5,"href":"https:\/\/www.worksafe.be\/fr\/wp-json\/wp\/v2\/pages\/222\/revisions"}],"predecessor-version":[{"id":99434,"href":"https:\/\/www.worksafe.be\/fr\/wp-json\/wp\/v2\/pages\/222\/revisions\/99434"}],"wp:attachment":[{"href":"https:\/\/www.worksafe.be\/fr\/wp-json\/wp\/v2\/media?parent=222"}],"curies":[{"name":"wp","href":"https:\/\/api.w.org\/{rel}","templated":true}]}}