{"id":60186,"date":"2022-12-23T16:11:03","date_gmt":"2022-12-23T15:11:03","guid":{"rendered":"https:\/\/www.worksafe.be\/?page_id=60186"},"modified":"2024-10-23T16:06:07","modified_gmt":"2024-10-23T14:06:07","slug":"technologie-smart-badge","status":"publish","type":"page","link":"https:\/\/www.worksafe.be\/fr\/technologie-smart-badge\/","title":{"rendered":"Technologie Smart Badge"},"content":{"rendered":"\t\t<div data-elementor-type=\"wp-page\" data-elementor-id=\"60186\" class=\"elementor elementor-60186 elementor-60184\" data-elementor-post-type=\"page\">\n\t\t\t\t\t\t<section class=\"elementor-section elementor-top-section elementor-element elementor-element-ea9e3aa elementor-section-boxed elementor-section-height-default elementor-section-height-default\" data-id=\"ea9e3aa\" data-element_type=\"section\">\n\t\t\t\t\t\t<div class=\"elementor-container elementor-column-gap-default\">\n\t\t\t\t\t<div class=\"elementor-column elementor-col-50 elementor-top-column elementor-element elementor-element-4289f1b\" data-id=\"4289f1b\" data-element_type=\"column\">\n\t\t\t<div class=\"elementor-widget-wrap elementor-element-populated\">\n\t\t\t\t\t\t<div class=\"elementor-element elementor-element-4d310a5 elementor-widget elementor-widget-text-editor\" data-id=\"4d310a5\" data-element_type=\"widget\" data-widget_type=\"text-editor.default\">\n\t\t\t\t<div class=\"elementor-widget-container\">\n\t\t\t\t\t\t\t\t\t<h3>Comment utiliser votre badge visiteur\u2009?<\/h3>\n<ol>\n<li>Vous constaterez la pr\u00e9sence d\u2019un ou de plusieurs de ces pr\u00e9sentoirs verts sur chaque stand. Un exposant et ses produits vous int\u00e9ressent particuli\u00e8rement\u2009? Placez votre badge visiteur contre le lecteur int\u00e9gr\u00e9 au pr\u00e9sentoir. Votre badge est correctement scann\u00e9 si vous entendez un bip et si la lumi\u00e8re verte du lecteur s\u2019allume.<\/li>\n<li>Le lendemain de votre visite, vous recevez un email reprenant toutes les informations des exposants chez lesquels vous avez scann\u00e9 votre badge, ainsi que quelques recommandations d\u2019exposants qui pourraient \u00e9galement vous int\u00e9resser.<\/li>\n<\/ol>\n<h3>Vos avantages\u202f:<\/h3>\n<ol>\n<li>Votre badge visiteur vous sert de de porte-documents virtuel durant le salon. Plus besoin de transporter des catalogues lourds et encombrants, ni de prendre des notes\u2009!<\/li>\n<li>Vous savez ainsi quels stands vous avez d\u00e9j\u00e0 visit\u00e9s. Pratique\u202f: vous recevez un email avec un aper\u00e7u complet de votre visite.<\/li>\n<li>Pas de spam. Vous ne recevez, sous forme num\u00e9rique, que les informations des exposants pour lesquels vous avez marqu\u00e9 un int\u00e9r\u00eat.<\/li>\n<\/ol>\n\t\t\t\t\t\t\t\t<\/div>\n\t\t\t\t<\/div>\n\t\t\t\t\t<\/div>\n\t\t<\/div>\n\t\t\t\t<div class=\"elementor-column elementor-col-50 elementor-top-column elementor-element elementor-element-3defa11\" data-id=\"3defa11\" data-element_type=\"column\">\n\t\t\t<div class=\"elementor-widget-wrap elementor-element-populated\">\n\t\t\t\t\t\t<div class=\"elementor-element elementor-element-1560ed2 elementor-widget elementor-widget-image\" data-id=\"1560ed2\" data-element_type=\"widget\" data-widget_type=\"image.default\">\n\t\t\t\t<div class=\"elementor-widget-container\">\n\t\t\t\t\t\t\t\t\t\t\t\t\t\t\t<img fetchpriority=\"high\" decoding=\"async\" width=\"743\" height=\"1024\" src=\"https:\/\/easyfairsassets.com\/sites\/241\/2024\/07\/EF_Tafelmodel-staand-model_A4-Belgie-NL_Front-3_page-0001-743x1024.jpg\" class=\"attachment-large size-large wp-image-79732\" alt=\"Badgy - Smart badge technology\" srcset=\"https:\/\/easyfairsassets.com\/sites\/241\/2024\/07\/EF_Tafelmodel-staand-model_A4-Belgie-NL_Front-3_page-0001-743x1024.jpg 743w, https:\/\/easyfairsassets.com\/sites\/241\/2024\/07\/EF_Tafelmodel-staand-model_A4-Belgie-NL_Front-3_page-0001-218x300.jpg 218w, https:\/\/easyfairsassets.com\/sites\/241\/2024\/07\/EF_Tafelmodel-staand-model_A4-Belgie-NL_Front-3_page-0001-768x1059.jpg 768w, https:\/\/easyfairsassets.com\/sites\/241\/2024\/07\/EF_Tafelmodel-staand-model_A4-Belgie-NL_Front-3_page-0001-1114x1536.jpg 1114w, https:\/\/easyfairsassets.com\/sites\/241\/2024\/07\/EF_Tafelmodel-staand-model_A4-Belgie-NL_Front-3_page-0001.jpg 1294w\" sizes=\"(max-width: 743px) 100vw, 743px\" \/>\t\t\t\t\t\t\t\t\t\t\t\t\t\t\t<\/div>\n\t\t\t\t<\/div>\n\t\t\t\t\t<\/div>\n\t\t<\/div>\n\t\t\t\t\t<\/div>\n\t\t<\/section>\n\t\t\t\t<section class=\"elementor-section elementor-top-section elementor-element elementor-element-71f506dc elementor-section-height-min-height elementor-hidden-tablet elementor-hidden-phone elementor-section-boxed elementor-section-height-default elementor-section-items-middle\" data-id=\"71f506dc\" data-element_type=\"section\" data-settings=\"{&quot;background_background&quot;:&quot;classic&quot;}\">\n\t\t\t\t\t\t\t<div class=\"elementor-background-overlay\"><\/div>\n\t\t\t\t\t\t\t<div class=\"elementor-container elementor-column-gap-default\">\n\t\t\t\t\t<div class=\"elementor-column elementor-col-100 elementor-top-column elementor-element elementor-element-0fba872\" data-id=\"0fba872\" data-element_type=\"column\">\n\t\t\t<div class=\"elementor-widget-wrap elementor-element-populated\">\n\t\t\t\t\t\t<div class=\"elementor-element elementor-element-b4497ef elementor-widget elementor-widget-video\" data-id=\"b4497ef\" data-element_type=\"widget\" data-settings=\"{&quot;youtube_url&quot;:&quot;https:\\\/\\\/youtu.be\\\/ikKCfzrS3nQ?si=MSHudEmr_MYNXdTb&quot;,&quot;video_type&quot;:&quot;youtube&quot;,&quot;controls&quot;:&quot;yes&quot;}\" data-widget_type=\"video.default\">\n\t\t\t\t<div class=\"elementor-widget-container\">\n\t\t\t\t\t\t\t<div class=\"elementor-wrapper elementor-open-inline\">\n\t\t\t<div class=\"elementor-video\"><\/div>\t\t<\/div>\n\t\t\t\t\t\t<\/div>\n\t\t\t\t<\/div>\n\t\t\t\t\t<\/div>\n\t\t<\/div>\n\t\t\t\t\t<\/div>\n\t\t<\/section>\n\t\t\t\t<\/div>\n\t\t","protected":false},"excerpt":{"rendered":"<p>Comment utiliser votre badge visiteur\u2009? Vous constaterez la pr\u00e9sence d\u2019un ou de plusieurs de ces pr\u00e9sentoirs verts sur chaque stand. Un exposant et ses produits vous int\u00e9ressent particuli\u00e8rement\u2009? Placez votre badge visiteur contre le lecteur int\u00e9gr\u00e9 au pr\u00e9sentoir. Votre badge est correctement scann\u00e9 si vous entendez un bip et si la lumi\u00e8re verte du lecteur [&hellip;]<\/p>\n","protected":false},"author":177,"featured_media":0,"parent":0,"menu_order":0,"comment_status":"closed","ping_status":"closed","template":"","meta":{"_seopress_robots_primary_cat":"","_seopress_titles_title":"Technologie  Smart Badge | Worksafe Flanders | Easyfairs","_seopress_titles_desc":"Technologie  Smart Badge | Worksafe Flanders | Easyfairs","_seopress_robots_index":"","footnotes":""},"class_list":["post-60186","page","type-page","status-publish","hentry"],"_links":{"self":[{"href":"https:\/\/www.worksafe.be\/fr\/wp-json\/wp\/v2\/pages\/60186","targetHints":{"allow":["GET"]}}],"collection":[{"href":"https:\/\/www.worksafe.be\/fr\/wp-json\/wp\/v2\/pages"}],"about":[{"href":"https:\/\/www.worksafe.be\/fr\/wp-json\/wp\/v2\/types\/page"}],"author":[{"embeddable":true,"href":"https:\/\/www.worksafe.be\/fr\/wp-json\/wp\/v2\/users\/177"}],"replies":[{"embeddable":true,"href":"https:\/\/www.worksafe.be\/fr\/wp-json\/wp\/v2\/comments?post=60186"}],"version-history":[{"count":5,"href":"https:\/\/www.worksafe.be\/fr\/wp-json\/wp\/v2\/pages\/60186\/revisions"}],"predecessor-version":[{"id":80630,"href":"https:\/\/www.worksafe.be\/fr\/wp-json\/wp\/v2\/pages\/60186\/revisions\/80630"}],"wp:attachment":[{"href":"https:\/\/www.worksafe.be\/fr\/wp-json\/wp\/v2\/media?parent=60186"}],"curies":[{"name":"wp","href":"https:\/\/api.w.org\/{rel}","templated":true}]}}