{"id":60886,"date":"2023-01-03T14:00:34","date_gmt":"2023-01-03T13:00:34","guid":{"rendered":"https:\/\/www.worksafe.be\/profil-de-visiteur\/"},"modified":"2025-03-19T14:13:43","modified_gmt":"2025-03-19T13:13:43","slug":"profil-de-visiteur","status":"publish","type":"page","link":"https:\/\/www.worksafe.be\/fr\/profil-de-visiteur\/","title":{"rendered":"Profil de visiteur"},"content":{"rendered":"\t\t<div data-elementor-type=\"wp-page\" data-elementor-id=\"60886\" class=\"elementor elementor-60886 elementor-7001\" data-elementor-post-type=\"page\">\n\t\t\t\t\t\t<section class=\"elementor-section elementor-top-section elementor-element elementor-element-aae6f38 elementor-section-boxed elementor-section-height-default elementor-section-height-default\" data-id=\"aae6f38\" data-element_type=\"section\">\n\t\t\t\t\t\t<div class=\"elementor-container elementor-column-gap-default\">\n\t\t\t\t\t<div class=\"elementor-column elementor-col-100 elementor-top-column elementor-element elementor-element-4842d80\" data-id=\"4842d80\" data-element_type=\"column\">\n\t\t\t<div class=\"elementor-widget-wrap elementor-element-populated\">\n\t\t\t\t\t\t<div class=\"elementor-element elementor-element-604ec536 elementor-widget elementor-widget-text-editor\" data-id=\"604ec536\" data-element_type=\"widget\" data-widget_type=\"text-editor.default\">\n\t\t\t\t<div class=\"elementor-widget-container\">\n\t\t\t\t\t\t\t\t\t<h1>Profil de visiteur<\/h1>\n\t\t\t\t\t\t\t\t<\/div>\n\t\t\t\t<\/div>\n\t\t\t\t\t<\/div>\n\t\t<\/div>\n\t\t\t\t\t<\/div>\n\t\t<\/section>\n\t\t\t\t<section class=\"elementor-section elementor-top-section elementor-element elementor-element-2f073a2 elementor-section-boxed elementor-section-height-default elementor-section-height-default\" data-id=\"2f073a2\" data-element_type=\"section\">\n\t\t\t\t\t\t<div class=\"elementor-container elementor-column-gap-default\">\n\t\t\t\t\t<div class=\"elementor-column elementor-col-33 elementor-top-column elementor-element elementor-element-5df458d\" data-id=\"5df458d\" data-element_type=\"column\">\n\t\t\t<div class=\"elementor-widget-wrap elementor-element-populated\">\n\t\t\t\t\t\t<div class=\"elementor-element elementor-element-fef47cb elementor-widget elementor-widget-image\" data-id=\"fef47cb\" data-element_type=\"widget\" data-widget_type=\"image.default\">\n\t\t\t\t<div class=\"elementor-widget-container\">\n\t\t\t\t\t\t\t\t\t\t\t\t\t\t\t<img fetchpriority=\"high\" decoding=\"async\" width=\"800\" height=\"534\" src=\"https:\/\/easyfairsassets.com\/sites\/241\/2020\/03\/Bezoekers-1024x683.jpg\" class=\"attachment-large size-large wp-image-159\" alt=\"Bezoekers Worksafe ANT\" srcset=\"https:\/\/easyfairsassets.com\/sites\/241\/2020\/03\/Bezoekers-1024x683.jpg 1024w, https:\/\/easyfairsassets.com\/sites\/241\/2020\/03\/Bezoekers-300x200.jpg 300w, https:\/\/easyfairsassets.com\/sites\/241\/2020\/03\/Bezoekers-768x512.jpg 768w, https:\/\/easyfairsassets.com\/sites\/241\/2020\/03\/Bezoekers-1536x1024.jpg 1536w, https:\/\/easyfairsassets.com\/sites\/241\/2020\/03\/Bezoekers.jpg 1800w\" sizes=\"(max-width: 800px) 100vw, 800px\" \/>\t\t\t\t\t\t\t\t\t\t\t\t\t\t\t<\/div>\n\t\t\t\t<\/div>\n\t\t\t\t\t<\/div>\n\t\t<\/div>\n\t\t\t\t<div class=\"elementor-column elementor-col-33 elementor-top-column elementor-element elementor-element-b403418\" data-id=\"b403418\" data-element_type=\"column\">\n\t\t\t<div class=\"elementor-widget-wrap elementor-element-populated\">\n\t\t\t\t\t\t<div class=\"elementor-element elementor-element-8e3c452 elementor-headline--style-highlight elementor-widget elementor-widget-animated-headline\" data-id=\"8e3c452\" data-element_type=\"widget\" data-settings=\"{&quot;marker&quot;:&quot;double_underline&quot;,&quot;highlighted_text&quot;:&quot;Top secteurs&quot;,&quot;headline_style&quot;:&quot;highlight&quot;,&quot;loop&quot;:&quot;yes&quot;,&quot;highlight_animation_duration&quot;:1200,&quot;highlight_iteration_delay&quot;:8000}\" data-widget_type=\"animated-headline.default\">\n\t\t\t\t<div class=\"elementor-widget-container\">\n\t\t\t\t\t\t\t<h3 class=\"elementor-headline\">\n\t\t\t\t<span class=\"elementor-headline-dynamic-wrapper elementor-headline-text-wrapper\">\n\t\t\t\t\t<span class=\"elementor-headline-dynamic-text elementor-headline-text-active\">Top secteurs<\/span>\n\t\t\t\t<\/span>\n\t\t\t\t<\/h3>\n\t\t\t\t\t\t<\/div>\n\t\t\t\t<\/div>\n\t\t\t\t<div class=\"elementor-element elementor-element-868732a elementor-widget elementor-widget-text-editor\" data-id=\"868732a\" data-element_type=\"widget\" data-widget_type=\"text-editor.default\">\n\t\t\t\t<div class=\"elementor-widget-container\">\n\t\t\t\t\t\t\t\t\t<ul>\n<li>Government<\/li>\n<li>Construction<\/li>\n<li>Chemical industry<\/li>\n<li>Education<\/li>\n<li>Services<\/li>\n<li>Logistics &amp; distribution<\/li>\n<li>Healthcare<\/li>\n<li>Textiles<\/li>\n<\/ul>\n\t\t\t\t\t\t\t\t<\/div>\n\t\t\t\t<\/div>\n\t\t\t\t\t<\/div>\n\t\t<\/div>\n\t\t\t\t<div class=\"elementor-column elementor-col-33 elementor-top-column elementor-element elementor-element-0adf9fc\" data-id=\"0adf9fc\" data-element_type=\"column\">\n\t\t\t<div class=\"elementor-widget-wrap elementor-element-populated\">\n\t\t\t\t\t\t<div class=\"elementor-element elementor-element-5e6f3f8 elementor-headline--style-highlight elementor-widget elementor-widget-animated-headline\" data-id=\"5e6f3f8\" data-element_type=\"widget\" data-settings=\"{&quot;marker&quot;:&quot;double_underline&quot;,&quot;highlighted_text&quot;:&quot;Fonctions&quot;,&quot;headline_style&quot;:&quot;highlight&quot;,&quot;loop&quot;:&quot;yes&quot;,&quot;highlight_animation_duration&quot;:1200,&quot;highlight_iteration_delay&quot;:8000}\" data-widget_type=\"animated-headline.default\">\n\t\t\t\t<div class=\"elementor-widget-container\">\n\t\t\t\t\t\t\t<h3 class=\"elementor-headline\">\n\t\t\t\t<span class=\"elementor-headline-dynamic-wrapper elementor-headline-text-wrapper\">\n\t\t\t\t\t<span class=\"elementor-headline-dynamic-text elementor-headline-text-active\">Fonctions<\/span>\n\t\t\t\t<\/span>\n\t\t\t\t<\/h3>\n\t\t\t\t\t\t<\/div>\n\t\t\t\t<\/div>\n\t\t\t\t<div class=\"elementor-element elementor-element-24529ff elementor-widget elementor-widget-text-editor\" data-id=\"24529ff\" data-element_type=\"widget\" data-widget_type=\"text-editor.default\">\n\t\t\t\t<div class=\"elementor-widget-container\">\n\t\t\t\t\t\t\t\t\t<ul>\r\n \t<li>Prevention advisor<\/li>\r\n \t<li>Managing Director<\/li>\r\n \t<li>Facility Manager<\/li>\r\n \t<li>Safety coordinator<\/li>\r\n \t<li>Procurement Manager<\/li>\r\n \t<li>Technical Manager<\/li>\r\n \t<li>Operations Manager<\/li>\r\n \t<li>Quality &amp; Safety engineer<\/li>\r\n \t<li>Office Manager<\/li>\r\n \t<li><span data-teams=\"true\">Environmental managers<\/span><\/li>\r\n \t<li><\/li>\r\n<\/ul>\t\t\t\t\t\t\t\t<\/div>\n\t\t\t\t<\/div>\n\t\t\t\t\t<\/div>\n\t\t<\/div>\n\t\t\t\t\t<\/div>\n\t\t<\/section>\n\t\t\t\t<section class=\"elementor-section elementor-top-section elementor-element elementor-element-03c5cbe elementor-section-boxed elementor-section-height-default elementor-section-height-default\" data-id=\"03c5cbe\" data-element_type=\"section\">\n\t\t\t\t\t\t<div class=\"elementor-container elementor-column-gap-default\">\n\t\t\t\t\t<div class=\"elementor-column elementor-col-50 elementor-top-column elementor-element elementor-element-4785dc4\" data-id=\"4785dc4\" data-element_type=\"column\">\n\t\t\t<div class=\"elementor-widget-wrap elementor-element-populated\">\n\t\t\t\t\t\t<div class=\"elementor-element elementor-element-dcfe083 elementor-widget elementor-widget-heading\" data-id=\"dcfe083\" data-element_type=\"widget\" data-widget_type=\"heading.default\">\n\t\t\t\t<div class=\"elementor-widget-container\">\n\t\t\t\t\t<h2 class=\"elementor-heading-title elementor-size-default\">2 domaines importantes<\/h2>\t\t\t\t<\/div>\n\t\t\t\t<\/div>\n\t\t\t\t<div class=\"elementor-element elementor-element-2b0bb92 elementor-widget elementor-widget-heading\" data-id=\"2b0bb92\" data-element_type=\"widget\" data-widget_type=\"heading.default\">\n\t\t\t\t<div class=\"elementor-widget-container\">\n\t\t\t\t\t<h3 class=\"elementor-heading-title elementor-size-default\">Sant\u00e9 et bien-\u00eatre au travail<\/h3>\t\t\t\t<\/div>\n\t\t\t\t<\/div>\n\t\t\t\t<div class=\"elementor-element elementor-element-a0f0ea6 elementor-widget elementor-widget-text-editor\" data-id=\"a0f0ea6\" data-element_type=\"widget\" data-widget_type=\"text-editor.default\">\n\t\t\t\t<div class=\"elementor-widget-container\">\n\t\t\t\t\t\t\t\t\t<p>Distributeurs et importateurs, fabricants, bureaux d\u2019\u00e9tude, Centres de formation et de conseil, Organismes d\u2019inspection, Services externes de pr\u00e9vention et de protection, Soci\u00e9t\u00e9s d\u2019intervention, Associations et services publics actifs dans :<\/p>\n<p>\u2022 \u00c9quipements de protection individuelle<br \/>\n\u2022 S\u00e9curit\u00e9 sur le chantier et s\u00e9curit\u00e9 collective au travail<br \/>\n\u2022 Ergonomie et confort (bureaux et industries)<br \/>\n\u2022 Sant\u00e9 au travail et hygi\u00e8ne personnelle<br \/>\n\u2022 Pr\u00e9vention et traitement des pressions psychosociales<br \/>\n\u2022 Signalisation<br \/>\n\u2022 Pr\u00e9vention des catastrophes<br \/>\n\u2022 S\u00e9curit\u00e9 industrielle et risques technologiques<br \/>\n\u2022 Pr\u00e9vention et lutte contre l\u2019incendie<br \/>\n\u2022 Formation, apprentissage et conseils<\/p>\n\t\t\t\t\t\t\t\t<\/div>\n\t\t\t\t<\/div>\n\t\t\t\t\t<\/div>\n\t\t<\/div>\n\t\t\t\t<div class=\"elementor-column elementor-col-50 elementor-top-column elementor-element elementor-element-d7e2532\" data-id=\"d7e2532\" data-element_type=\"column\">\n\t\t\t<div class=\"elementor-widget-wrap elementor-element-populated\">\n\t\t\t\t\t\t<div class=\"elementor-element elementor-element-9de02dd elementor-widget elementor-widget-image\" data-id=\"9de02dd\" data-element_type=\"widget\" data-widget_type=\"image.default\">\n\t\t\t\t<div class=\"elementor-widget-container\">\n\t\t\t\t\t\t\t\t\t\t\t\t\t\t\t<img decoding=\"async\" width=\"800\" height=\"534\" src=\"https:\/\/easyfairsassets.com\/sites\/241\/2020\/02\/Worksafe_Visual_3-1024x683.jpg\" class=\"attachment-large size-large wp-image-59758\" alt=\"\" srcset=\"https:\/\/easyfairsassets.com\/sites\/241\/2020\/02\/Worksafe_Visual_3-1024x683.jpg 1024w, https:\/\/easyfairsassets.com\/sites\/241\/2020\/02\/Worksafe_Visual_3-300x200.jpg 300w, https:\/\/easyfairsassets.com\/sites\/241\/2020\/02\/Worksafe_Visual_3-768x512.jpg 768w, https:\/\/easyfairsassets.com\/sites\/241\/2020\/02\/Worksafe_Visual_3-1536x1024.jpg 1536w, https:\/\/easyfairsassets.com\/sites\/241\/2020\/02\/Worksafe_Visual_3.jpg 1920w\" sizes=\"(max-width: 800px) 100vw, 800px\" \/>\t\t\t\t\t\t\t\t\t\t\t\t\t\t\t<\/div>\n\t\t\t\t<\/div>\n\t\t\t\t\t<\/div>\n\t\t<\/div>\n\t\t\t\t\t<\/div>\n\t\t<\/section>\n\t\t\t\t<\/div>\n\t\t","protected":false},"excerpt":{"rendered":"<p>Profil de visiteur Top secteurs Government Construction Chemical industry Education Services Logistics &amp; distribution Healthcare Textiles Fonctions Prevention advisor Managing Director Facility Manager Safety coordinator Procurement Manager Technical Manager Operations Manager Quality &amp; Safety engineer Office Manager Environmental managers 2 domaines importantes Sant\u00e9 et bien-\u00eatre au travail Distributeurs et importateurs, fabricants, bureaux d\u2019\u00e9tude, Centres de [&hellip;]<\/p>\n","protected":false},"author":177,"featured_media":0,"parent":0,"menu_order":0,"comment_status":"closed","ping_status":"closed","template":"","meta":{"_seopress_robots_primary_cat":"","_seopress_titles_title":"Profil de visiteur - Worksafe Flanders","_seopress_titles_desc":"Le salon professionnel bisannuel Worksafe offre aux distributeurs, aux importateurs et aux fabricants la plus grande plate-forme francophone pour exposer leurs technologies, leurs innovations et leurs id\u00e9es permettant de contribuer \u00e0 l\u2019am\u00e9lioration de la sant\u00e9, du bien-\u00eatre et de la s\u00e9curit\u00e9 au sein des entreprises.","_seopress_robots_index":"","footnotes":""},"class_list":["post-60886","page","type-page","status-publish","hentry"],"_links":{"self":[{"href":"https:\/\/www.worksafe.be\/fr\/wp-json\/wp\/v2\/pages\/60886","targetHints":{"allow":["GET"]}}],"collection":[{"href":"https:\/\/www.worksafe.be\/fr\/wp-json\/wp\/v2\/pages"}],"about":[{"href":"https:\/\/www.worksafe.be\/fr\/wp-json\/wp\/v2\/types\/page"}],"author":[{"embeddable":true,"href":"https:\/\/www.worksafe.be\/fr\/wp-json\/wp\/v2\/users\/177"}],"replies":[{"embeddable":true,"href":"https:\/\/www.worksafe.be\/fr\/wp-json\/wp\/v2\/comments?post=60886"}],"version-history":[{"count":3,"href":"https:\/\/www.worksafe.be\/fr\/wp-json\/wp\/v2\/pages\/60886\/revisions"}],"predecessor-version":[{"id":105379,"href":"https:\/\/www.worksafe.be\/fr\/wp-json\/wp\/v2\/pages\/60886\/revisions\/105379"}],"wp:attachment":[{"href":"https:\/\/www.worksafe.be\/fr\/wp-json\/wp\/v2\/media?parent=60886"}],"curies":[{"name":"wp","href":"https:\/\/api.w.org\/{rel}","templated":true}]}}