{"id":82220,"date":"2024-12-09T15:33:23","date_gmt":"2024-12-09T14:33:23","guid":{"rendered":"https:\/\/www.worksafe.be\/?page_id=82220"},"modified":"2024-12-10T14:49:57","modified_gmt":"2024-12-10T13:49:57","slug":"my-easyfairs","status":"publish","type":"page","link":"https:\/\/www.worksafe.be\/fr\/my-easyfairs\/","title":{"rendered":"My Easyfairs"},"content":{"rendered":"\t\t<div data-elementor-type=\"wp-page\" data-elementor-id=\"82220\" class=\"elementor elementor-82220 elementor-82187\" data-elementor-post-type=\"page\">\n\t\t\t\t<div class=\"elementor-element elementor-element-a1be474 e-flex e-con-boxed e-con e-parent\" data-id=\"a1be474\" data-element_type=\"container\">\n\t\t\t\t\t<div class=\"e-con-inner\">\n\t\t<div class=\"elementor-element elementor-element-56c11f7 e-con-full e-flex e-con e-child\" data-id=\"56c11f7\" data-element_type=\"container\">\n\t\t\t\t<div class=\"elementor-element elementor-element-67368a6 elementor-widget elementor-widget-text-editor\" data-id=\"67368a6\" data-element_type=\"widget\" data-widget_type=\"text-editor.default\">\n\t\t\t\t<div class=\"elementor-widget-container\">\n\t\t\t\t\t\t\t\t\t<h3>My Easyfairs&nbsp;<\/h3>\n\t\t\t\t\t\t\t\t<\/div>\n\t\t\t\t<\/div>\n\t\t\t\t<div class=\"elementor-element elementor-element-6e8f992 elementor-widget elementor-widget-text-editor\" data-id=\"6e8f992\" data-element_type=\"widget\" data-widget_type=\"text-editor.default\">\n\t\t\t\t<div class=\"elementor-widget-container\">\n\t\t\t\t\t\t\t\t\t<p>My Easyfairs est la plateforme qui vous permet de pr\u00e9parer votre participation \u00e0 un salon. Il s&rsquo;agit de votre profil d&rsquo;entreprise personnel sur le site web du salon, sur lequel vous \u00eates d\u00e9j\u00e0 visible avant le salon. Vous pouvez \u00e9galement passer facilement des commandes techniques telles que des points de suspension, des raccordements \u00e9lectriques, des raccordements \u00e0 l&rsquo;eau, etc. via My Easyfairs.<\/p>\n\t\t\t\t\t\t\t\t<\/div>\n\t\t\t\t<\/div>\n\t\t\t\t<div class=\"elementor-element elementor-element-2ed293a elementor-widget elementor-widget-button\" data-id=\"2ed293a\" data-element_type=\"widget\" data-widget_type=\"button.default\">\n\t\t\t\t<div class=\"elementor-widget-container\">\n\t\t\t\t\t\t\t\t\t<div class=\"elementor-button-wrapper\">\n\t\t\t\t\t<a class=\"elementor-button elementor-button-link elementor-size-sm\" href=\"https:\/\/my.easyfairs.com\/login\">\n\t\t\t\t\t\t<span class=\"elementor-button-content-wrapper\">\n\t\t\t\t\t\t\t\t\t<span class=\"elementor-button-text\">Connexion \u00e0 My Easyfairs<\/span>\n\t\t\t\t\t<\/span>\n\t\t\t\t\t<\/a>\n\t\t\t\t<\/div>\n\t\t\t\t\t\t\t\t<\/div>\n\t\t\t\t<\/div>\n\t\t\t\t<\/div>\n\t\t<div class=\"elementor-element elementor-element-d18d164 e-con-full e-flex e-con e-child\" data-id=\"d18d164\" data-element_type=\"container\">\n\t\t\t\t<div class=\"elementor-element elementor-element-19d6dc7 elementor-widget elementor-widget-video\" data-id=\"19d6dc7\" data-element_type=\"widget\" data-settings=\"{&quot;youtube_url&quot;:&quot;https:\\\/\\\/www.youtube.com\\\/watch?v=ChaQym6MdPI&amp;t=6s&quot;,&quot;video_type&quot;:&quot;youtube&quot;,&quot;controls&quot;:&quot;yes&quot;}\" data-widget_type=\"video.default\">\n\t\t\t\t<div class=\"elementor-widget-container\">\n\t\t\t\t\t\t\t<div class=\"elementor-wrapper elementor-open-inline\">\n\t\t\t<div class=\"elementor-video\"><\/div>\t\t<\/div>\n\t\t\t\t\t\t<\/div>\n\t\t\t\t<\/div>\n\t\t\t\t<\/div>\n\t\t\t\t\t<\/div>\n\t\t\t\t<\/div>\n\t\t<div class=\"elementor-element elementor-element-be33c65 e-flex e-con-boxed e-con e-parent\" data-id=\"be33c65\" data-element_type=\"container\" data-settings=\"{&quot;background_background&quot;:&quot;classic&quot;}\">\n\t\t\t\t\t<div class=\"e-con-inner\">\n\t\t\t\t<div class=\"elementor-element elementor-element-89dbbe6 elementor-widget elementor-widget-text-editor\" data-id=\"89dbbe6\" data-element_type=\"widget\" data-widget_type=\"text-editor.default\">\n\t\t\t\t<div class=\"elementor-widget-container\">\n\t\t\t\t\t\t\t\t\t<p>Comment cela fonctionne-t-il ? <\/p>\n\t\t\t\t\t\t\t\t<\/div>\n\t\t\t\t<\/div>\n\t\t\t\t<div class=\"elementor-element elementor-element-d94e6c1 elementor-widget elementor-widget-text-editor\" data-id=\"d94e6c1\" data-element_type=\"widget\" data-widget_type=\"text-editor.default\">\n\t\t\t\t<div class=\"elementor-widget-container\">\n\t\t\t\t\t\t\t\t\t<p>En tant que participant, vous recevrez un e-mail de confirmation de votre inscription au salon, contenant toutes les informations n\u00e9cessaires \u00e0 une utilisation optimale de My Easyfairs. Les visiteurs du site web peuvent d\u00e9couvrir votre entreprise en un coup d&rsquo;\u0153il gr\u00e2ce \u00e0 la liste des participants. En cliquant sur le nom de votre entreprise, ils trouveront les d\u00e9tails de votre entreprise, vos produits et vos nouvelles. Vous g\u00e9rez vous-m\u00eame ces informations et ces donn\u00e9es via My Easyfairs. Les informations que vous publiez sur vos derni\u00e8res innovations et produits peuvent \u00eatre lues par les visiteurs sur le site web du salon.<\/p>\n\t\t\t\t\t\t\t\t<\/div>\n\t\t\t\t<\/div>\n\t\t\t\t<div class=\"elementor-element elementor-element-201b6fd elementor-widget elementor-widget-button\" data-id=\"201b6fd\" data-element_type=\"widget\" data-widget_type=\"button.default\">\n\t\t\t\t<div class=\"elementor-widget-container\">\n\t\t\t\t\t\t\t\t\t<div class=\"elementor-button-wrapper\">\n\t\t\t\t\t<a class=\"elementor-button elementor-button-link elementor-size-sm\" href=\"https:\/\/my.easyfairs.com\/login\">\n\t\t\t\t\t\t<span class=\"elementor-button-content-wrapper\">\n\t\t\t\t\t\t\t\t\t<span class=\"elementor-button-text\">Connexion \u00e0 My Easyfairs<\/span>\n\t\t\t\t\t<\/span>\n\t\t\t\t\t<\/a>\n\t\t\t\t<\/div>\n\t\t\t\t\t\t\t\t<\/div>\n\t\t\t\t<\/div>\n\t\t\t\t\t<\/div>\n\t\t\t\t<\/div>\n\t\t<div class=\"elementor-element elementor-element-bbf55f5 e-flex e-con-boxed e-con e-parent\" data-id=\"bbf55f5\" data-element_type=\"container\">\n\t\t\t\t\t<div class=\"e-con-inner\">\n\t\t<div class=\"elementor-element elementor-element-c5b0cce e-con-full e-flex e-con e-child\" data-id=\"c5b0cce\" data-element_type=\"container\" data-settings=\"{&quot;background_background&quot;:&quot;classic&quot;}\">\n\t\t\t\t<div class=\"elementor-element elementor-element-7e7bf97 elementor-widget elementor-widget-spacer\" data-id=\"7e7bf97\" data-element_type=\"widget\" data-widget_type=\"spacer.default\">\n\t\t\t\t<div class=\"elementor-widget-container\">\n\t\t\t\t\t\t\t<div class=\"elementor-spacer\">\n\t\t\t<div class=\"elementor-spacer-inner\"><\/div>\n\t\t<\/div>\n\t\t\t\t\t\t<\/div>\n\t\t\t\t<\/div>\n\t\t\t\t<div class=\"elementor-element elementor-element-637f522 elementor-headline--style-highlight elementor-widget elementor-widget-animated-headline\" data-id=\"637f522\" data-element_type=\"widget\" data-settings=\"{&quot;marker&quot;:&quot;double_underline&quot;,&quot;highlighted_text&quot;:&quot;Pointe&quot;,&quot;headline_style&quot;:&quot;highlight&quot;,&quot;loop&quot;:&quot;yes&quot;,&quot;highlight_animation_duration&quot;:1200,&quot;highlight_iteration_delay&quot;:8000}\" data-widget_type=\"animated-headline.default\">\n\t\t\t\t<div class=\"elementor-widget-container\">\n\t\t\t\t\t\t\t<h3 class=\"elementor-headline\">\n\t\t\t\t<span class=\"elementor-headline-dynamic-wrapper elementor-headline-text-wrapper\">\n\t\t\t\t\t<span class=\"elementor-headline-dynamic-text elementor-headline-text-active\">Pointe<\/span>\n\t\t\t\t<\/span>\n\t\t\t\t<\/h3>\n\t\t\t\t\t\t<\/div>\n\t\t\t\t<\/div>\n\t\t\t\t<div class=\"elementor-element elementor-element-5820401 elementor-widget elementor-widget-text-editor\" data-id=\"5820401\" data-element_type=\"widget\" data-widget_type=\"text-editor.default\">\n\t\t\t\t<div class=\"elementor-widget-container\">\n\t\t\t\t\t\t\t\t\t<p>Plus vous compl\u00e9tez votre profil en ligne dans Mon Easyfairs, plus vous partagez des informations int\u00e9ressantes sur votre organisation avant l&rsquo;\u00e9v\u00e9nement. Vous atteindrez ainsi un groupe cible int\u00e9ressant avant m\u00eame votre participation.<\/p>\n\t\t\t\t\t\t\t\t<\/div>\n\t\t\t\t<\/div>\n\t\t\t\t<div class=\"elementor-element elementor-element-8989abc elementor-widget elementor-widget-spacer\" data-id=\"8989abc\" data-element_type=\"widget\" data-widget_type=\"spacer.default\">\n\t\t\t\t<div class=\"elementor-widget-container\">\n\t\t\t\t\t\t\t<div class=\"elementor-spacer\">\n\t\t\t<div class=\"elementor-spacer-inner\"><\/div>\n\t\t<\/div>\n\t\t\t\t\t\t<\/div>\n\t\t\t\t<\/div>\n\t\t\t\t<\/div>\n\t\t\t\t<div class=\"elementor-element elementor-element-29b868b elementor-widget elementor-widget-spacer\" data-id=\"29b868b\" data-element_type=\"widget\" data-widget_type=\"spacer.default\">\n\t\t\t\t<div class=\"elementor-widget-container\">\n\t\t\t\t\t\t\t<div class=\"elementor-spacer\">\n\t\t\t<div class=\"elementor-spacer-inner\"><\/div>\n\t\t<\/div>\n\t\t\t\t\t\t<\/div>\n\t\t\t\t<\/div>\n\t\t<div class=\"elementor-element elementor-element-6712ea3 e-con-full e-flex e-con e-child\" data-id=\"6712ea3\" data-element_type=\"container\">\n\t\t\t\t<div class=\"elementor-element elementor-element-78740fb elementor-widget elementor-widget-spacer\" data-id=\"78740fb\" data-element_type=\"widget\" data-widget_type=\"spacer.default\">\n\t\t\t\t<div class=\"elementor-widget-container\">\n\t\t\t\t\t\t\t<div class=\"elementor-spacer\">\n\t\t\t<div class=\"elementor-spacer-inner\"><\/div>\n\t\t<\/div>\n\t\t\t\t\t\t<\/div>\n\t\t\t\t<\/div>\n\t\t\t\t<div class=\"elementor-element elementor-element-af719d2 elementor-headline--style-highlight elementor-widget elementor-widget-animated-headline\" data-id=\"af719d2\" data-element_type=\"widget\" data-settings=\"{&quot;marker&quot;:&quot;double_underline&quot;,&quot;highlighted_text&quot;:&quot;Vous avez perdu vos donn\\u00e9es de connexion ?&quot;,&quot;headline_style&quot;:&quot;highlight&quot;,&quot;loop&quot;:&quot;yes&quot;,&quot;highlight_animation_duration&quot;:1200,&quot;highlight_iteration_delay&quot;:8000}\" data-widget_type=\"animated-headline.default\">\n\t\t\t\t<div class=\"elementor-widget-container\">\n\t\t\t\t\t\t\t<h3 class=\"elementor-headline\">\n\t\t\t\t<span class=\"elementor-headline-dynamic-wrapper elementor-headline-text-wrapper\">\n\t\t\t\t\t<span class=\"elementor-headline-dynamic-text elementor-headline-text-active\">Vous avez perdu vos donn\u00e9es de connexion ?<\/span>\n\t\t\t\t<\/span>\n\t\t\t\t<\/h3>\n\t\t\t\t\t\t<\/div>\n\t\t\t\t<\/div>\n\t\t\t\t<div class=\"elementor-element elementor-element-5e46e86 elementor-widget elementor-widget-text-editor\" data-id=\"5e46e86\" data-element_type=\"widget\" data-widget_type=\"text-editor.default\">\n\t\t\t\t<div class=\"elementor-widget-container\">\n\t\t\t\t\t\t\t\t\t<p>Lors de votre inscription, vous avez re\u00e7u un e-mail vous demandant de cr\u00e9er vos donn\u00e9es de connexion \u00e0 My Easyfairs. Si vous n&rsquo;avez pas re\u00e7u cet e-mail, veuillez nous contacter. Nous vous l&rsquo;enverrons d\u00e8s que possible.<\/p>\n\t\t\t\t\t\t\t\t<\/div>\n\t\t\t\t<\/div>\n\t\t\t\t<div class=\"elementor-element elementor-element-60a8efb elementor-widget elementor-widget-spacer\" data-id=\"60a8efb\" data-element_type=\"widget\" data-widget_type=\"spacer.default\">\n\t\t\t\t<div class=\"elementor-widget-container\">\n\t\t\t\t\t\t\t<div class=\"elementor-spacer\">\n\t\t\t<div class=\"elementor-spacer-inner\"><\/div>\n\t\t<\/div>\n\t\t\t\t\t\t<\/div>\n\t\t\t\t<\/div>\n\t\t\t\t<\/div>\n\t\t\t\t\t<\/div>\n\t\t\t\t<\/div>\n\t\t\t\t<\/div>\n\t\t","protected":false},"excerpt":{"rendered":"<p>My Easyfairs&nbsp; My Easyfairs est la plateforme qui vous permet de pr\u00e9parer votre participation \u00e0 un salon. Il s&rsquo;agit de votre profil d&rsquo;entreprise personnel sur le site web du salon, sur lequel vous \u00eates d\u00e9j\u00e0 visible avant le salon. Vous pouvez \u00e9galement passer facilement des commandes techniques telles que des points de suspension, des raccordements [&hellip;]<\/p>\n","protected":false},"author":1475,"featured_media":0,"parent":0,"menu_order":0,"comment_status":"closed","ping_status":"closed","template":"","meta":{"_seopress_robots_primary_cat":"","_seopress_titles_title":"My Easyfairs","_seopress_titles_desc":"","_seopress_robots_index":"","footnotes":""},"class_list":["post-82220","page","type-page","status-publish","hentry"],"_links":{"self":[{"href":"https:\/\/www.worksafe.be\/fr\/wp-json\/wp\/v2\/pages\/82220","targetHints":{"allow":["GET"]}}],"collection":[{"href":"https:\/\/www.worksafe.be\/fr\/wp-json\/wp\/v2\/pages"}],"about":[{"href":"https:\/\/www.worksafe.be\/fr\/wp-json\/wp\/v2\/types\/page"}],"author":[{"embeddable":true,"href":"https:\/\/www.worksafe.be\/fr\/wp-json\/wp\/v2\/users\/1475"}],"replies":[{"embeddable":true,"href":"https:\/\/www.worksafe.be\/fr\/wp-json\/wp\/v2\/comments?post=82220"}],"version-history":[{"count":5,"href":"https:\/\/www.worksafe.be\/fr\/wp-json\/wp\/v2\/pages\/82220\/revisions"}],"predecessor-version":[{"id":82332,"href":"https:\/\/www.worksafe.be\/fr\/wp-json\/wp\/v2\/pages\/82220\/revisions\/82332"}],"wp:attachment":[{"href":"https:\/\/www.worksafe.be\/fr\/wp-json\/wp\/v2\/media?parent=82220"}],"curies":[{"name":"wp","href":"https:\/\/api.w.org\/{rel}","templated":true}]}}