{"id":82226,"date":"2024-12-10T14:53:04","date_gmt":"2024-12-10T13:53:04","guid":{"rendered":"https:\/\/www.worksafe.be\/?page_id=82226"},"modified":"2025-01-07T09:33:56","modified_gmt":"2025-01-07T08:33:56","slug":"comment-promouvoir-ma-participation","status":"publish","type":"page","link":"https:\/\/www.worksafe.be\/fr\/comment-promouvoir-ma-participation\/","title":{"rendered":"Comment promouvoir ma participation ?"},"content":{"rendered":"\t\t<div data-elementor-type=\"wp-page\" data-elementor-id=\"82226\" class=\"elementor elementor-82226 elementor-82179\" data-elementor-post-type=\"page\">\n\t\t\t\t<div class=\"elementor-element elementor-element-58870db e-flex e-con-boxed e-con e-parent\" data-id=\"58870db\" data-element_type=\"container\">\n\t\t\t\t\t<div class=\"e-con-inner\">\n\t\t\t\t<div class=\"elementor-element elementor-element-1f37fea elementor-widget elementor-widget-text-editor\" data-id=\"1f37fea\" data-element_type=\"widget\" data-widget_type=\"text-editor.default\">\n\t\t\t\t<div class=\"elementor-widget-container\">\n\t\t\t\t\t\t\t\t\t<h2>Comment promouvoir ma participation ?<\/h2>\n\t\t\t\t\t\t\t\t<\/div>\n\t\t\t\t<\/div>\n\t\t\t\t\t<\/div>\n\t\t\t\t<\/div>\n\t\t<div class=\"elementor-element elementor-element-98d1ba5 e-flex e-con-boxed e-con e-parent\" data-id=\"98d1ba5\" data-element_type=\"container\">\n\t\t\t\t\t<div class=\"e-con-inner\">\n\t\t<div class=\"elementor-element elementor-element-cac38b7 e-con-full e-flex e-con e-child\" data-id=\"cac38b7\" data-element_type=\"container\">\n\t\t\t\t<div class=\"elementor-element elementor-element-76992bc elementor-widget elementor-widget-text-editor\" data-id=\"76992bc\" data-element_type=\"widget\" data-widget_type=\"text-editor.default\">\n\t\t\t\t<div class=\"elementor-widget-container\">\n\t\t\t\t\t\t\t\t\t<h2>AVANT L&rsquo;\u00c9V\u00c9NEMENT<\/h2>\n\t\t\t\t\t\t\t\t<\/div>\n\t\t\t\t<\/div>\n\t\t\t\t<div class=\"elementor-element elementor-element-d8c6f8f elementor-widget elementor-widget-text-editor\" data-id=\"d8c6f8f\" data-element_type=\"widget\" data-widget_type=\"text-editor.default\">\n\t\t\t\t<div class=\"elementor-widget-container\">\n\t\t\t\t\t\t\t\t\t<p>Recevez votre package exposant : distribuez vos invitations et vos autocollants sur vos documents.<\/p>\n<p>Activez votre compte &lsquo;<a href=\"https:\/\/my.easyfairs.com\/login\">My Easyfairs<\/a>&lsquo; et compl\u00e9tez votre profil d&rsquo;exposant.<\/p>\n<p>Placez une <a href=\"https:\/\/easyfairsassets.com\/sites\/241\/2025\/01\/WS23_Emailhandtekening_zonder-CTA-1.jpg\">banni\u00e8re <\/a>et\/ou un <a href=\"https:\/\/easyfairsassets.com\/sites\/241\/2025\/01\/WS25_Logo_ST-FULL-COLOR-ENG.png\">logo <\/a>sur votre site web et dans vos communications par e-mail. T\u00e9l\u00e9chargez-les via My Easyfairs.<\/p>\n<p>Envoyez une invitation par e-mail \u00e0 vos clients et prospects sur la base de notre mod\u00e8le. N&rsquo;oubliez pas votre URL personnelle !<\/p>\n<p>Faites la promotion de votre participation via les <a href=\"https:\/\/www.linkedin.com\/showcase\/12960481\/admin\/dashboard\/\">m\u00e9dias sociaux<\/a> et marquez Worksafe. #WorksafeFlanders2025.<\/p>\n\t\t\t\t\t\t\t\t<\/div>\n\t\t\t\t<\/div>\n\t\t\t\t<\/div>\n\t\t\t\t<div class=\"elementor-element elementor-element-a62ca15 elementor-widget elementor-widget-spacer\" data-id=\"a62ca15\" data-element_type=\"widget\" data-widget_type=\"spacer.default\">\n\t\t\t\t<div class=\"elementor-widget-container\">\n\t\t\t\t\t\t\t<div class=\"elementor-spacer\">\n\t\t\t<div class=\"elementor-spacer-inner\"><\/div>\n\t\t<\/div>\n\t\t\t\t\t\t<\/div>\n\t\t\t\t<\/div>\n\t\t<div class=\"elementor-element elementor-element-4f608a3 e-con-full e-flex e-con e-child\" data-id=\"4f608a3\" data-element_type=\"container\">\n\t\t\t\t<div class=\"elementor-element elementor-element-3a0d2d6 elementor-widget elementor-widget-text-editor\" data-id=\"3a0d2d6\" data-element_type=\"widget\" data-widget_type=\"text-editor.default\">\n\t\t\t\t<div class=\"elementor-widget-container\">\n\t\t\t\t\t\t\t\t\t<h2>PENDANT L&rsquo;\u00c9V\u00c9NEMENT<\/h2>\n\t\t\t\t\t\t\t\t<\/div>\n\t\t\t\t<\/div>\n\t\t\t\t<div class=\"elementor-element elementor-element-484afda elementor-widget elementor-widget-text-editor\" data-id=\"484afda\" data-element_type=\"widget\" data-widget_type=\"text-editor.default\">\n\t\t\t\t<div class=\"elementor-widget-container\">\n\t\t\t\t\t\t\t\t\t<p>Placez votre lecteur de <a href=\"https:\/\/www.worksafe.be\/nl\/smart-badge-technologie\/\">Smart Badge<\/a> \u00e0 un endroit visible pour collecter un maximum de prospects.<\/p>\n<p>Organisez des activit\u00e9s sur votre stand parce que l&rsquo;enthousiasme fonctionne : un concours, une boisson, la distribution de sacs \u00e0 surprises,&#8230;<\/p>\n<p>Vous avez eu une conversation int\u00e9ressante avec un prospect ? Scannez le badge avec le Visit Connect et vous aurez imm\u00e9diatement acc\u00e8s \u00e0 ses donn\u00e9es.<\/p>\n\t\t\t\t\t\t\t\t<\/div>\n\t\t\t\t<\/div>\n\t\t\t\t<\/div>\n\t\t\t\t\t<\/div>\n\t\t\t\t<\/div>\n\t\t\t\t<\/div>\n\t\t","protected":false},"excerpt":{"rendered":"<p>Comment promouvoir ma participation ? AVANT L&rsquo;\u00c9V\u00c9NEMENT Recevez votre package exposant : distribuez vos invitations et vos autocollants sur vos documents. Activez votre compte &lsquo;My Easyfairs&lsquo; et compl\u00e9tez votre profil d&rsquo;exposant. Placez une banni\u00e8re et\/ou un logo sur votre site web et dans vos communications par e-mail. T\u00e9l\u00e9chargez-les via My Easyfairs. Envoyez une invitation par [&hellip;]<\/p>\n","protected":false},"author":1475,"featured_media":0,"parent":0,"menu_order":0,"comment_status":"closed","ping_status":"closed","template":"","meta":{"_seopress_robots_primary_cat":"","_seopress_titles_title":"Comment promouvoir ma participation ?","_seopress_titles_desc":"","_seopress_robots_index":"","footnotes":""},"class_list":["post-82226","page","type-page","status-publish","hentry"],"_links":{"self":[{"href":"https:\/\/www.worksafe.be\/fr\/wp-json\/wp\/v2\/pages\/82226","targetHints":{"allow":["GET"]}}],"collection":[{"href":"https:\/\/www.worksafe.be\/fr\/wp-json\/wp\/v2\/pages"}],"about":[{"href":"https:\/\/www.worksafe.be\/fr\/wp-json\/wp\/v2\/types\/page"}],"author":[{"embeddable":true,"href":"https:\/\/www.worksafe.be\/fr\/wp-json\/wp\/v2\/users\/1475"}],"replies":[{"embeddable":true,"href":"https:\/\/www.worksafe.be\/fr\/wp-json\/wp\/v2\/comments?post=82226"}],"version-history":[{"count":5,"href":"https:\/\/www.worksafe.be\/fr\/wp-json\/wp\/v2\/pages\/82226\/revisions"}],"predecessor-version":[{"id":83561,"href":"https:\/\/www.worksafe.be\/fr\/wp-json\/wp\/v2\/pages\/82226\/revisions\/83561"}],"wp:attachment":[{"href":"https:\/\/www.worksafe.be\/fr\/wp-json\/wp\/v2\/media?parent=82226"}],"curies":[{"name":"wp","href":"https:\/\/api.w.org\/{rel}","templated":true}]}}