{"id":82230,"date":"2024-12-10T14:41:30","date_gmt":"2024-12-10T13:41:30","guid":{"rendered":"https:\/\/www.worksafe.be\/?page_id=82230"},"modified":"2025-04-02T14:21:50","modified_gmt":"2025-04-02T12:21:50","slug":"materiel-promotionnel","status":"publish","type":"page","link":"https:\/\/www.worksafe.be\/fr\/materiel-promotionnel\/","title":{"rendered":"Mat\u00e9riel promotionnel"},"content":{"rendered":"\t\t<div data-elementor-type=\"wp-page\" data-elementor-id=\"82230\" class=\"elementor elementor-82230 elementor-82198\" data-elementor-post-type=\"page\">\n\t\t\t\t<div class=\"elementor-element elementor-element-e0288c4 e-flex e-con-boxed e-con e-parent\" data-id=\"e0288c4\" data-element_type=\"container\">\n\t\t\t\t\t<div class=\"e-con-inner\">\n\t\t\t\t<div class=\"elementor-element elementor-element-f1c70c2 elementor-widget elementor-widget-heading\" data-id=\"f1c70c2\" data-element_type=\"widget\" data-widget_type=\"heading.default\">\n\t\t\t\t<div class=\"elementor-widget-container\">\n\t\t\t\t\t<h2 class=\"elementor-heading-title elementor-size-default\">Mat\u00e9riel promotionnel<\/h2>\t\t\t\t<\/div>\n\t\t\t\t<\/div>\n\t\t\t\t<div class=\"elementor-element elementor-element-4053c8d elementor-widget elementor-widget-text-editor\" data-id=\"4053c8d\" data-element_type=\"widget\" data-widget_type=\"text-editor.default\">\n\t\t\t\t<div class=\"elementor-widget-container\">\n\t\t\t\t\t\t\t\t\t<p>Bienvenue \u00e0 Worksafe Flanders.<\/p>\n<p>Notre campagne de promotion bat son plein et, en tant qu&rsquo;exposant, vous pouvez \u00e9galement faire conna\u00eetre votre participation. Vous pouvez t\u00e9l\u00e9charger ci-dessous du mat\u00e9riel promotionnel pour attirer le plus grand nombre possible de contacts potentiels et de visiteurs de qualit\u00e9 \u00e0 votre stand.<\/p>\n\t\t\t\t\t\t\t\t<\/div>\n\t\t\t\t<\/div>\n\t\t\t\t\t<\/div>\n\t\t\t\t<\/div>\n\t\t<div class=\"elementor-element elementor-element-0042ea5 e-flex e-con-boxed e-con e-parent\" data-id=\"0042ea5\" data-element_type=\"container\" data-settings=\"{&quot;background_background&quot;:&quot;classic&quot;}\">\n\t\t\t\t\t<div class=\"e-con-inner\">\n\t\t<div class=\"elementor-element elementor-element-6e6309a e-con-full e-flex e-con e-child\" data-id=\"6e6309a\" data-element_type=\"container\">\n\t\t\t\t<div class=\"elementor-element elementor-element-8a7e7b8 elementor-headline--style-highlight elementor-widget elementor-widget-animated-headline\" data-id=\"8a7e7b8\" data-element_type=\"widget\" data-settings=\"{&quot;marker&quot;:&quot;double_underline&quot;,&quot;highlighted_text&quot;:&quot;Mat\\u00e9riel promotionnel&quot;,&quot;headline_style&quot;:&quot;highlight&quot;,&quot;loop&quot;:&quot;yes&quot;,&quot;highlight_animation_duration&quot;:1200,&quot;highlight_iteration_delay&quot;:8000}\" data-widget_type=\"animated-headline.default\">\n\t\t\t\t<div class=\"elementor-widget-container\">\n\t\t\t\t\t\t\t<h3 class=\"elementor-headline\">\n\t\t\t\t<span class=\"elementor-headline-dynamic-wrapper elementor-headline-text-wrapper\">\n\t\t\t\t\t<span class=\"elementor-headline-dynamic-text elementor-headline-text-active\">Mat\u00e9riel promotionnel<\/span>\n\t\t\t\t<\/span>\n\t\t\t\t<\/h3>\n\t\t\t\t\t\t<\/div>\n\t\t\t\t<\/div>\n\t\t\t\t<div class=\"elementor-element elementor-element-67c509f elementor-widget elementor-widget-text-editor\" data-id=\"67c509f\" data-element_type=\"widget\" data-widget_type=\"text-editor.default\">\n\t\t\t\t<div class=\"elementor-widget-container\">\n\t\t\t\t\t\t\t\t\t<p><a href=\"https:\/\/worksafe-namur-be.easyfairs-internal\/wp-content\/uploads\/sites\/229\/2024\/12\/WS25_Logo_DL-FULL-COLOR-ENG-1.png\">Logo Worksafe couleur<\/a><\/p>\n<p><a href=\"https:\/\/worksafe-namur-be.easyfairs-internal\/wp-content\/uploads\/sites\/229\/2024\/12\/WS25_Logo_DL-FULL-WHITE-ENG-2.png\">Logo Worksafe blanc<\/a><\/p>\n<p><a href=\"https:\/\/worksafe-namur-be.easyfairs-internal\/wp-content\/uploads\/sites\/229\/2024\/12\/WS23_Emailhandtekening_Combi.jpg\">Signature \u00e9lectronique<\/a><\/p>\n\t\t\t\t\t\t\t\t<\/div>\n\t\t\t\t<\/div>\n\t\t\t\t<\/div>\n\t\t<div class=\"elementor-element elementor-element-0ab6a8c e-con-full e-flex e-con e-child\" data-id=\"0ab6a8c\" data-element_type=\"container\">\n\t\t\t\t<div class=\"elementor-element elementor-element-600268c elementor-headline--style-highlight elementor-widget elementor-widget-animated-headline\" data-id=\"600268c\" data-element_type=\"widget\" data-settings=\"{&quot;marker&quot;:&quot;double_underline&quot;,&quot;highlighted_text&quot;:&quot;Social media&quot;,&quot;headline_style&quot;:&quot;highlight&quot;,&quot;loop&quot;:&quot;yes&quot;,&quot;highlight_animation_duration&quot;:1200,&quot;highlight_iteration_delay&quot;:8000}\" data-widget_type=\"animated-headline.default\">\n\t\t\t\t<div class=\"elementor-widget-container\">\n\t\t\t\t\t\t\t<h3 class=\"elementor-headline\">\n\t\t\t\t<span class=\"elementor-headline-dynamic-wrapper elementor-headline-text-wrapper\">\n\t\t\t\t\t<span class=\"elementor-headline-dynamic-text elementor-headline-text-active\">Social media<\/span>\n\t\t\t\t<\/span>\n\t\t\t\t<\/h3>\n\t\t\t\t\t\t<\/div>\n\t\t\t\t<\/div>\n\t\t\t\t<div class=\"elementor-element elementor-element-ecf8519 elementor-widget elementor-widget-text-editor\" data-id=\"ecf8519\" data-element_type=\"widget\" data-widget_type=\"text-editor.default\">\n\t\t\t\t<div class=\"elementor-widget-container\">\n\t\t\t\t\t\t\t\t\t<p>M\u00e9dias sociaux<br \/>\nN&rsquo;oubliez pas d&rsquo;utiliser vos canaux de m\u00e9dias sociaux pour promouvoir votre participation. N&rsquo;oubliez pas de nous taguer, afin que nous puissions le rediffuser sur nos canaux.<\/p>\n\t\t\t\t\t\t\t\t<\/div>\n\t\t\t\t<\/div>\n\t\t\t\t<\/div>\n\t\t<div class=\"elementor-element elementor-element-0f4252d e-con-full e-flex e-con e-child\" data-id=\"0f4252d\" data-element_type=\"container\">\n\t\t\t\t<div class=\"elementor-element elementor-element-c2dc409 elementor-headline--style-highlight elementor-widget elementor-widget-animated-headline\" data-id=\"c2dc409\" data-element_type=\"widget\" data-settings=\"{&quot;marker&quot;:&quot;double_underline&quot;,&quot;highlighted_text&quot;:&quot;Photo&#039;s&quot;,&quot;headline_style&quot;:&quot;highlight&quot;,&quot;loop&quot;:&quot;yes&quot;,&quot;highlight_animation_duration&quot;:1200,&quot;highlight_iteration_delay&quot;:8000}\" data-widget_type=\"animated-headline.default\">\n\t\t\t\t<div class=\"elementor-widget-container\">\n\t\t\t\t\t\t\t<h3 class=\"elementor-headline\">\n\t\t\t\t<span class=\"elementor-headline-dynamic-wrapper elementor-headline-text-wrapper\">\n\t\t\t\t\t<span class=\"elementor-headline-dynamic-text elementor-headline-text-active\">Photo's<\/span>\n\t\t\t\t<\/span>\n\t\t\t\t<\/h3>\n\t\t\t\t\t\t<\/div>\n\t\t\t\t<\/div>\n\t\t\t\t<div class=\"elementor-element elementor-element-45b756b elementor-widget elementor-widget-text-editor\" data-id=\"45b756b\" data-element_type=\"widget\" data-widget_type=\"text-editor.default\">\n\t\t\t\t<div class=\"elementor-widget-container\">\n\t\t\t\t\t\t\t\t\t<p>Photos<br \/>\nVous cherchez de belles images d&rsquo;ambiance ? Consultez les photos de Worksafe Flanders 2023 ici.<\/p>\n\t\t\t\t\t\t\t\t<\/div>\n\t\t\t\t<\/div>\n\t\t\t\t<\/div>\n\t\t\t\t\t<\/div>\n\t\t\t\t<\/div>\n\t\t<div class=\"elementor-element elementor-element-b8e9c15 e-flex e-con-boxed e-con e-parent\" data-id=\"b8e9c15\" data-element_type=\"container\">\n\t\t\t\t\t<div class=\"e-con-inner\">\n\t\t\t\t<div class=\"elementor-element elementor-element-832d0d3 elementor-widget elementor-widget-spacer\" data-id=\"832d0d3\" data-element_type=\"widget\" data-widget_type=\"spacer.default\">\n\t\t\t\t<div class=\"elementor-widget-container\">\n\t\t\t\t\t\t\t<div class=\"elementor-spacer\">\n\t\t\t<div class=\"elementor-spacer-inner\"><\/div>\n\t\t<\/div>\n\t\t\t\t\t\t<\/div>\n\t\t\t\t<\/div>\n\t\t\t\t<div class=\"elementor-element elementor-element-bc79f79 elementor-widget elementor-widget-text-editor\" data-id=\"bc79f79\" data-element_type=\"widget\" data-widget_type=\"text-editor.default\">\n\t\t\t\t<div class=\"elementor-widget-container\">\n\t\t\t\t\t\t\t\t\t<p>Pourquoi inviter vos clients ?<\/p>\n\t\t\t\t\t\t\t\t<\/div>\n\t\t\t\t<\/div>\n\t\t\t\t<div class=\"elementor-element elementor-element-7217230 elementor-widget elementor-widget-text-editor\" data-id=\"7217230\" data-element_type=\"widget\" data-widget_type=\"text-editor.default\">\n\t\t\t\t<div class=\"elementor-widget-container\">\n\t\t\t\t\t\t\t\t\t<p>Vous restez au premier plan dans votre communaut\u00e9. Vous avez la possibilit\u00e9 de pr\u00e9senter vos nouveaux produits, services, &#8230; dans un environnement inspirant qui stimule vos relations. De plus, vous avez une chance de gagner le Marketing Award et une visibilit\u00e9 suppl\u00e9mentaire si vous accueillez le plus grand nombre de visiteurs sur votre stand via votre URL\/code personnel.<\/p>\n\t\t\t\t\t\t\t\t<\/div>\n\t\t\t\t<\/div>\n\t\t\t\t\t<\/div>\n\t\t\t\t<\/div>\n\t\t<div class=\"elementor-element elementor-element-1277cb9 e-flex e-con-boxed e-con e-parent\" data-id=\"1277cb9\" data-element_type=\"container\">\n\t\t\t\t\t<div class=\"e-con-inner\">\n\t\t\t\t<div class=\"elementor-element elementor-element-990f920 elementor-widget elementor-widget-spacer\" data-id=\"990f920\" data-element_type=\"widget\" data-widget_type=\"spacer.default\">\n\t\t\t\t<div class=\"elementor-widget-container\">\n\t\t\t\t\t\t\t<div class=\"elementor-spacer\">\n\t\t\t<div class=\"elementor-spacer-inner\"><\/div>\n\t\t<\/div>\n\t\t\t\t\t\t<\/div>\n\t\t\t\t<\/div>\n\t\t\t\t<div class=\"elementor-element elementor-element-bae93e7 elementor-widget elementor-widget-gallery\" data-id=\"bae93e7\" data-element_type=\"widget\" data-settings=\"{&quot;lazyload&quot;:&quot;yes&quot;,&quot;gallery_layout&quot;:&quot;grid&quot;,&quot;columns&quot;:4,&quot;columns_tablet&quot;:2,&quot;columns_mobile&quot;:1,&quot;gap&quot;:{&quot;unit&quot;:&quot;px&quot;,&quot;size&quot;:10,&quot;sizes&quot;:[]},&quot;gap_tablet&quot;:{&quot;unit&quot;:&quot;px&quot;,&quot;size&quot;:10,&quot;sizes&quot;:[]},&quot;gap_mobile&quot;:{&quot;unit&quot;:&quot;px&quot;,&quot;size&quot;:10,&quot;sizes&quot;:[]},&quot;link_to&quot;:&quot;file&quot;,&quot;aspect_ratio&quot;:&quot;3:2&quot;,&quot;overlay_background&quot;:&quot;yes&quot;,&quot;content_hover_animation&quot;:&quot;fade-in&quot;}\" data-widget_type=\"gallery.default\">\n\t\t\t\t<div class=\"elementor-widget-container\">\n\t\t\t\t\t\t\t<div class=\"elementor-gallery__container\">\n\t\t\t\t\t\t\t<a class=\"e-gallery-item elementor-gallery-item elementor-animated-content\" href=\"https:\/\/easyfairsassets.com\/sites\/241\/2024\/12\/52778768781_6efa5ea5d9_o.jpg\" data-elementor-open-lightbox=\"yes\" data-elementor-lightbox-slideshow=\"bae93e7\" data-elementor-lightbox-title=\"52778768781_6efa5ea5d9_o\" data-e-action-hash=\"#elementor-action%3Aaction%3Dlightbox%26settings%3DeyJpZCI6ODIxNjEsInVybCI6Imh0dHBzOlwvXC93b3Jrc2FmZS1hbnR3ZXJwLWJlLmVhc3lmYWlycy5uZXR3b3JrXC93cC1jb250ZW50XC91cGxvYWRzXC9zaXRlc1wvMjQxXC8yMDI0XC8xMlwvNTI3Nzg3Njg3ODFfNmVmYTVlYTVkOV9vLmpwZyIsInNsaWRlc2hvdyI6ImJhZTkzZTcifQ%3D%3D\">\n\t\t\t\t\t<div class=\"e-gallery-image elementor-gallery-item__image\" data-thumbnail=\"https:\/\/easyfairsassets.com\/sites\/241\/2024\/12\/52778768781_6efa5ea5d9_o-300x200.jpg\" data-width=\"300\" data-height=\"200\" aria-label=\"\" role=\"img\" ><\/div>\n\t\t\t\t\t\t\t\t\t\t\t<div class=\"elementor-gallery-item__overlay\"><\/div>\n\t\t\t\t\t\t\t\t\t\t\t\t\t\t<\/a>\n\t\t\t\t\t\t\t<a class=\"e-gallery-item elementor-gallery-item elementor-animated-content\" href=\"https:\/\/easyfairsassets.com\/sites\/241\/2024\/12\/52779184935_b58d554d31_o.jpg\" data-elementor-open-lightbox=\"yes\" data-elementor-lightbox-slideshow=\"bae93e7\" data-elementor-lightbox-title=\"52779184935_b58d554d31_o\" data-e-action-hash=\"#elementor-action%3Aaction%3Dlightbox%26settings%3DeyJpZCI6ODIyMDgsInVybCI6Imh0dHBzOlwvXC93b3Jrc2FmZS1hbnR3ZXJwLWJlLmVhc3lmYWlycy5uZXR3b3JrXC93cC1jb250ZW50XC91cGxvYWRzXC9zaXRlc1wvMjQxXC8yMDI0XC8xMlwvNTI3NzkxODQ5MzVfYjU4ZDU1NGQzMV9vLmpwZyIsInNsaWRlc2hvdyI6ImJhZTkzZTcifQ%3D%3D\">\n\t\t\t\t\t<div class=\"e-gallery-image elementor-gallery-item__image\" data-thumbnail=\"https:\/\/easyfairsassets.com\/sites\/241\/2024\/12\/52779184935_b58d554d31_o-300x200.jpg\" data-width=\"300\" data-height=\"200\" aria-label=\"\" role=\"img\" ><\/div>\n\t\t\t\t\t\t\t\t\t\t\t<div class=\"elementor-gallery-item__overlay\"><\/div>\n\t\t\t\t\t\t\t\t\t\t\t\t\t\t<\/a>\n\t\t\t\t\t\t\t<a class=\"e-gallery-item elementor-gallery-item elementor-animated-content\" href=\"https:\/\/easyfairsassets.com\/sites\/241\/2024\/12\/52779265798_69124de723_o.jpg\" data-elementor-open-lightbox=\"yes\" data-elementor-lightbox-slideshow=\"bae93e7\" data-elementor-lightbox-title=\"52779265798_69124de723_o\" data-e-action-hash=\"#elementor-action%3Aaction%3Dlightbox%26settings%3DeyJpZCI6ODIyMTEsInVybCI6Imh0dHBzOlwvXC93b3Jrc2FmZS1hbnR3ZXJwLWJlLmVhc3lmYWlycy5uZXR3b3JrXC93cC1jb250ZW50XC91cGxvYWRzXC9zaXRlc1wvMjQxXC8yMDI0XC8xMlwvNTI3NzkyNjU3OThfNjkxMjRkZTcyM19vLmpwZyIsInNsaWRlc2hvdyI6ImJhZTkzZTcifQ%3D%3D\">\n\t\t\t\t\t<div class=\"e-gallery-image elementor-gallery-item__image\" data-thumbnail=\"https:\/\/easyfairsassets.com\/sites\/241\/2024\/12\/52779265798_69124de723_o-300x200.jpg\" data-width=\"300\" data-height=\"200\" aria-label=\"\" role=\"img\" ><\/div>\n\t\t\t\t\t\t\t\t\t\t\t<div class=\"elementor-gallery-item__overlay\"><\/div>\n\t\t\t\t\t\t\t\t\t\t\t\t\t\t<\/a>\n\t\t\t\t\t\t\t<a class=\"e-gallery-item elementor-gallery-item elementor-animated-content\" href=\"https:\/\/easyfairsassets.com\/sites\/241\/2024\/12\/52779247758_2dbb67568f_o.jpg\" data-elementor-open-lightbox=\"yes\" data-elementor-lightbox-slideshow=\"bae93e7\" data-elementor-lightbox-title=\"52779247758_2dbb67568f_o\" data-e-action-hash=\"#elementor-action%3Aaction%3Dlightbox%26settings%3DeyJpZCI6ODIxNTgsInVybCI6Imh0dHBzOlwvXC93b3Jrc2FmZS1hbnR3ZXJwLWJlLmVhc3lmYWlycy5uZXR3b3JrXC93cC1jb250ZW50XC91cGxvYWRzXC9zaXRlc1wvMjQxXC8yMDI0XC8xMlwvNTI3NzkyNDc3NThfMmRiYjY3NTY4Zl9vLmpwZyIsInNsaWRlc2hvdyI6ImJhZTkzZTcifQ%3D%3D\">\n\t\t\t\t\t<div class=\"e-gallery-image elementor-gallery-item__image\" data-thumbnail=\"https:\/\/easyfairsassets.com\/sites\/241\/2024\/12\/52779247758_2dbb67568f_o-300x200.jpg\" data-width=\"300\" data-height=\"200\" aria-label=\"\" role=\"img\" ><\/div>\n\t\t\t\t\t\t\t\t\t\t\t<div class=\"elementor-gallery-item__overlay\"><\/div>\n\t\t\t\t\t\t\t\t\t\t\t\t\t\t<\/a>\n\t\t\t\t\t\t\t<a class=\"e-gallery-item elementor-gallery-item elementor-animated-content\" href=\"https:\/\/easyfairsassets.com\/sites\/241\/2024\/12\/52779033579_d4f0b61b24_o.jpg\" data-elementor-open-lightbox=\"yes\" data-elementor-lightbox-slideshow=\"bae93e7\" data-elementor-lightbox-title=\"52779033579_d4f0b61b24_o\" data-e-action-hash=\"#elementor-action%3Aaction%3Dlightbox%26settings%3DeyJpZCI6ODIxNTUsInVybCI6Imh0dHBzOlwvXC93b3Jrc2FmZS1hbnR3ZXJwLWJlLmVhc3lmYWlycy5uZXR3b3JrXC93cC1jb250ZW50XC91cGxvYWRzXC9zaXRlc1wvMjQxXC8yMDI0XC8xMlwvNTI3NzkwMzM1NzlfZDRmMGI2MWIyNF9vLmpwZyIsInNsaWRlc2hvdyI6ImJhZTkzZTcifQ%3D%3D\">\n\t\t\t\t\t<div class=\"e-gallery-image elementor-gallery-item__image\" data-thumbnail=\"https:\/\/easyfairsassets.com\/sites\/241\/2024\/12\/52779033579_d4f0b61b24_o-300x200.jpg\" data-width=\"300\" data-height=\"200\" aria-label=\"\" role=\"img\" ><\/div>\n\t\t\t\t\t\t\t\t\t\t\t<div class=\"elementor-gallery-item__overlay\"><\/div>\n\t\t\t\t\t\t\t\t\t\t\t\t\t\t<\/a>\n\t\t\t\t\t\t\t<a class=\"e-gallery-item elementor-gallery-item elementor-animated-content\" href=\"https:\/\/easyfairsassets.com\/sites\/241\/2024\/12\/52779196260_fec19ed7c6_o.jpg\" data-elementor-open-lightbox=\"yes\" data-elementor-lightbox-slideshow=\"bae93e7\" data-elementor-lightbox-title=\"52779196260_fec19ed7c6_o\" data-e-action-hash=\"#elementor-action%3Aaction%3Dlightbox%26settings%3DeyJpZCI6ODIxNTIsInVybCI6Imh0dHBzOlwvXC93b3Jrc2FmZS1hbnR3ZXJwLWJlLmVhc3lmYWlycy5uZXR3b3JrXC93cC1jb250ZW50XC91cGxvYWRzXC9zaXRlc1wvMjQxXC8yMDI0XC8xMlwvNTI3NzkxOTYyNjBfZmVjMTllZDdjNl9vLmpwZyIsInNsaWRlc2hvdyI6ImJhZTkzZTcifQ%3D%3D\">\n\t\t\t\t\t<div class=\"e-gallery-image elementor-gallery-item__image\" data-thumbnail=\"https:\/\/easyfairsassets.com\/sites\/241\/2024\/12\/52779196260_fec19ed7c6_o-300x200.jpg\" data-width=\"300\" data-height=\"200\" aria-label=\"\" role=\"img\" ><\/div>\n\t\t\t\t\t\t\t\t\t\t\t<div class=\"elementor-gallery-item__overlay\"><\/div>\n\t\t\t\t\t\t\t\t\t\t\t\t\t\t<\/a>\n\t\t\t\t\t\t\t<a class=\"e-gallery-item elementor-gallery-item elementor-animated-content\" href=\"https:\/\/easyfairsassets.com\/sites\/241\/2024\/12\/52779030429_4975996f0d_o.jpg\" data-elementor-open-lightbox=\"yes\" data-elementor-lightbox-slideshow=\"bae93e7\" data-elementor-lightbox-title=\"52779030429_4975996f0d_o\" data-e-action-hash=\"#elementor-action%3Aaction%3Dlightbox%26settings%3DeyJpZCI6ODIxNDksInVybCI6Imh0dHBzOlwvXC93b3Jrc2FmZS1hbnR3ZXJwLWJlLmVhc3lmYWlycy5uZXR3b3JrXC93cC1jb250ZW50XC91cGxvYWRzXC9zaXRlc1wvMjQxXC8yMDI0XC8xMlwvNTI3NzkwMzA0MjlfNDk3NTk5NmYwZF9vLmpwZyIsInNsaWRlc2hvdyI6ImJhZTkzZTcifQ%3D%3D\">\n\t\t\t\t\t<div class=\"e-gallery-image elementor-gallery-item__image\" data-thumbnail=\"https:\/\/easyfairsassets.com\/sites\/241\/2024\/12\/52779030429_4975996f0d_o-300x200.jpg\" data-width=\"300\" data-height=\"200\" aria-label=\"\" role=\"img\" ><\/div>\n\t\t\t\t\t\t\t\t\t\t\t<div class=\"elementor-gallery-item__overlay\"><\/div>\n\t\t\t\t\t\t\t\t\t\t\t\t\t\t<\/a>\n\t\t\t\t\t\t\t<a class=\"e-gallery-item elementor-gallery-item elementor-animated-content\" href=\"https:\/\/easyfairsassets.com\/sites\/241\/2024\/12\/52779188615_84ce3436f1_o.jpg\" data-elementor-open-lightbox=\"yes\" data-elementor-lightbox-slideshow=\"bae93e7\" data-elementor-lightbox-title=\"52779188615_84ce3436f1_o\" data-e-action-hash=\"#elementor-action%3Aaction%3Dlightbox%26settings%3DeyJpZCI6ODIxNDYsInVybCI6Imh0dHBzOlwvXC93b3Jrc2FmZS1hbnR3ZXJwLWJlLmVhc3lmYWlycy5uZXR3b3JrXC93cC1jb250ZW50XC91cGxvYWRzXC9zaXRlc1wvMjQxXC8yMDI0XC8xMlwvNTI3NzkxODg2MTVfODRjZTM0MzZmMV9vLmpwZyIsInNsaWRlc2hvdyI6ImJhZTkzZTcifQ%3D%3D\">\n\t\t\t\t\t<div class=\"e-gallery-image elementor-gallery-item__image\" data-thumbnail=\"https:\/\/easyfairsassets.com\/sites\/241\/2024\/12\/52779188615_84ce3436f1_o-300x200.jpg\" data-width=\"300\" data-height=\"200\" aria-label=\"\" role=\"img\" ><\/div>\n\t\t\t\t\t\t\t\t\t\t\t<div class=\"elementor-gallery-item__overlay\"><\/div>\n\t\t\t\t\t\t\t\t\t\t\t\t\t\t<\/a>\n\t\t\t\t\t<\/div>\n\t\t\t\t\t<\/div>\n\t\t\t\t<\/div>\n\t\t\t\t\t<\/div>\n\t\t\t\t<\/div>\n\t\t\t\t<\/div>\n\t\t","protected":false},"excerpt":{"rendered":"<p>Mat\u00e9riel promotionnel Bienvenue \u00e0 Worksafe Flanders. Notre campagne de promotion bat son plein et, en tant qu&rsquo;exposant, vous pouvez \u00e9galement faire conna\u00eetre votre participation. Vous pouvez t\u00e9l\u00e9charger ci-dessous du mat\u00e9riel promotionnel pour attirer le plus grand nombre possible de contacts potentiels et de visiteurs de qualit\u00e9 \u00e0 votre stand. Mat\u00e9riel promotionnel Logo Worksafe couleur Logo [&hellip;]<\/p>\n","protected":false},"author":1475,"featured_media":0,"parent":0,"menu_order":0,"comment_status":"closed","ping_status":"closed","template":"","meta":{"_seopress_robots_primary_cat":"","_seopress_titles_title":"Mat\u00e9riel promotionnel","_seopress_titles_desc":"Notre campagne de promotion bat son plein et vous pouvez \u00e9galement, en tant qu'exposant, faire conna\u00eetre votre participation. Vous pouvez t\u00e9l\u00e9charger ci-dessous du mat\u00e9riel promotionnel pour attirer le plus grand nombre possible de relations potentielles et de visiteurs de qualit\u00e9 sur votre stand. ","_seopress_robots_index":"","footnotes":""},"class_list":["post-82230","page","type-page","status-publish","hentry"],"_links":{"self":[{"href":"https:\/\/www.worksafe.be\/fr\/wp-json\/wp\/v2\/pages\/82230","targetHints":{"allow":["GET"]}}],"collection":[{"href":"https:\/\/www.worksafe.be\/fr\/wp-json\/wp\/v2\/pages"}],"about":[{"href":"https:\/\/www.worksafe.be\/fr\/wp-json\/wp\/v2\/types\/page"}],"author":[{"embeddable":true,"href":"https:\/\/www.worksafe.be\/fr\/wp-json\/wp\/v2\/users\/1475"}],"replies":[{"embeddable":true,"href":"https:\/\/www.worksafe.be\/fr\/wp-json\/wp\/v2\/comments?post=82230"}],"version-history":[{"count":5,"href":"https:\/\/www.worksafe.be\/fr\/wp-json\/wp\/v2\/pages\/82230\/revisions"}],"predecessor-version":[{"id":106404,"href":"https:\/\/www.worksafe.be\/fr\/wp-json\/wp\/v2\/pages\/82230\/revisions\/106404"}],"wp:attachment":[{"href":"https:\/\/www.worksafe.be\/fr\/wp-json\/wp\/v2\/media?parent=82230"}],"curies":[{"name":"wp","href":"https:\/\/api.w.org\/{rel}","templated":true}]}}