{"id":89751,"date":"2025-02-03T11:12:12","date_gmt":"2025-02-03T10:12:12","guid":{"rendered":"https:\/\/www.worksafe.be\/innovation-tour\/"},"modified":"2025-04-02T14:24:34","modified_gmt":"2025-04-02T12:24:34","slug":"innovation-tour","status":"publish","type":"page","link":"https:\/\/www.worksafe.be\/fr\/innovation-tour\/","title":{"rendered":"Innovation Tour"},"content":{"rendered":"\t\t<div data-elementor-type=\"wp-page\" data-elementor-id=\"89751\" class=\"elementor elementor-89751 elementor-64908\" data-elementor-post-type=\"page\">\n\t\t\t\t\t\t<section class=\"elementor-section elementor-top-section elementor-element elementor-element-35598370 elementor-section-boxed elementor-section-height-default elementor-section-height-default\" data-id=\"35598370\" data-element_type=\"section\">\n\t\t\t\t\t\t<div class=\"elementor-container elementor-column-gap-default\">\n\t\t\t\t\t<div class=\"elementor-column elementor-col-100 elementor-top-column elementor-element elementor-element-634fbc48\" data-id=\"634fbc48\" data-element_type=\"column\">\n\t\t\t<div class=\"elementor-widget-wrap elementor-element-populated\">\n\t\t\t\t\t\t<div class=\"elementor-element elementor-element-57fada04 elementor-widget elementor-widget-heading\" data-id=\"57fada04\" data-element_type=\"widget\" data-widget_type=\"heading.default\">\n\t\t\t\t<div class=\"elementor-widget-container\">\n\t\t\t\t\t<h2 class=\"elementor-heading-title elementor-size-default\">Innovation Tour<\/h2>\t\t\t\t<\/div>\n\t\t\t\t<\/div>\n\t\t\t\t\t<\/div>\n\t\t<\/div>\n\t\t\t\t\t<\/div>\n\t\t<\/section>\n\t\t\t\t<section class=\"elementor-section elementor-top-section elementor-element elementor-element-5c6156b elementor-section-boxed elementor-section-height-default elementor-section-height-default\" data-id=\"5c6156b\" data-element_type=\"section\">\n\t\t\t\t\t\t<div class=\"elementor-container elementor-column-gap-default\">\n\t\t\t\t\t<div class=\"elementor-column elementor-col-100 elementor-top-column elementor-element elementor-element-37fc1e7\" data-id=\"37fc1e7\" data-element_type=\"column\">\n\t\t\t<div class=\"elementor-widget-wrap elementor-element-populated\">\n\t\t\t\t\t\t<div class=\"elementor-element elementor-element-6b1f3a0 elementor-widget elementor-widget-text-editor\" data-id=\"6b1f3a0\" data-element_type=\"widget\" data-widget_type=\"text-editor.default\">\n\t\t\t\t<div class=\"elementor-widget-container\">\n\t\t\t\t\t\t\t\t\t<p>Lors de<strong> l&rsquo;Innovation Tour<\/strong>, <strong>10 exposants s\u00e9lectionn\u00e9s<\/strong> (par le jury) pr\u00e9senteront leurs derni\u00e8res innovations.<\/p>\n<p>De plus, vous pouvez participer \u00e0 la d\u00e9cision du gagnant du Prix du Public !<\/p>\n<p><strong>Comment \u00e7a marche ?<\/strong><br \/>\n\u2714\ufe0f Rejoignez une visite guid\u00e9e et d\u00e9couvrez 10 exposants innovants.<br \/>\n\u2714\ufe0f Votez ci-dessous pour votre innovation pr\u00e9f\u00e9r\u00e9e parmi toutes les soumissions.<br \/>\n\u2714\ufe0f L&rsquo;innovation ayant le plus de votes remportera le Prix de l&rsquo;Innovation du Public !<\/p>\n\t\t\t\t\t\t\t\t<\/div>\n\t\t\t\t<\/div>\n\t\t\t\t\t<\/div>\n\t\t<\/div>\n\t\t\t\t\t<\/div>\n\t\t<\/section>\n\t\t\t\t<section class=\"elementor-section elementor-top-section elementor-element elementor-element-9e5016d elementor-section-boxed elementor-section-height-default elementor-section-height-default\" data-id=\"9e5016d\" data-element_type=\"section\">\n\t\t\t\t\t\t<div class=\"elementor-container elementor-column-gap-default\">\n\t\t\t\t\t<div class=\"elementor-column elementor-col-100 elementor-top-column elementor-element elementor-element-3a629b1\" data-id=\"3a629b1\" data-element_type=\"column\">\n\t\t\t<div class=\"elementor-widget-wrap elementor-element-populated\">\n\t\t\t\t\t\t<div class=\"elementor-element elementor-element-7c83256 elementor-align-center elementor-hidden-desktop elementor-hidden-tablet elementor-hidden-mobile elementor-widget elementor-widget-dynamic-button\" data-id=\"7c83256\" data-element_type=\"widget\" data-widget_type=\"dynamic-button.default\">\n\t\t\t\t<div class=\"elementor-widget-container\">\n\t\t\t\t\t        <div class=\"elementor-button-wrapper\">\n            <a href=\"https:\/\/fs30.formsite.com\/easyfairs\/kozlv2hycg\/index\" target=\"_blank\" class=\"elementor-button-link elementor-button elementor-size-xl\" role=\"button\">\n                        <span class=\"elementor-button-content-wrapper\">\n\t\t\t                <span class=\"elementor-button-icon elementor-align-icon-right\">\n\t\t\t\t<i aria-hidden=\"true\" class=\"fas fa-angle-right\"><\/i>\t\t\t<\/span>\n            \t\t\t<span class=\"elementor-button-text\">Confirmez votre cr\u00e9neau horaire pour l'Innovation Tour ici<\/span>\n\t\t<\/span>\n                    <\/a>\n        <\/div>\n        \t\t\t\t<\/div>\n\t\t\t\t<\/div>\n\t\t\t\t\t<\/div>\n\t\t<\/div>\n\t\t\t\t\t<\/div>\n\t\t<\/section>\n\t\t<div class=\"elementor-element elementor-element-c436745 e-flex e-con-boxed e-con e-parent\" data-id=\"c436745\" data-element_type=\"container\">\n\t\t\t\t\t<div class=\"e-con-inner\">\n\t\t\t\t<div class=\"elementor-element elementor-element-d1f3dbb elementor-widget elementor-widget-html\" data-id=\"d1f3dbb\" data-element_type=\"widget\" data-widget_type=\"html.default\">\n\t\t\t\t<div class=\"elementor-widget-container\">\n\t\t\t\t\t<!-- Wishpond embed code -->\r\n<script async=\"async\" src=\"\/\/cdn.wishpond.net\/connect.js?merchantId=1400133&writeKey=d4135bbb14bc\" type=\"text\/javascript\"><\/script><div class=\"wishpond-campaign\" data-wishpond-id=\"2815803\" data-wishpond-href=https:\/\/embedded.wishpondpages.com\/lp\/2815803\/><\/div>\t\t\t\t<\/div>\n\t\t\t\t<\/div>\n\t\t\t\t\t<\/div>\n\t\t\t\t<\/div>\n\t\t\t\t<\/div>\n\t\t","protected":false},"excerpt":{"rendered":"<p>Innovation Tour Lors de l&rsquo;Innovation Tour, 10 exposants s\u00e9lectionn\u00e9s (par le jury) pr\u00e9senteront leurs derni\u00e8res innovations. De plus, vous pouvez participer \u00e0 la d\u00e9cision du gagnant du Prix du Public ! Comment \u00e7a marche ? \u2714\ufe0f Rejoignez une visite guid\u00e9e et d\u00e9couvrez 10 exposants innovants. \u2714\ufe0f Votez ci-dessous pour votre innovation pr\u00e9f\u00e9r\u00e9e parmi toutes les [&hellip;]<\/p>\n","protected":false},"author":1475,"featured_media":0,"parent":0,"menu_order":0,"comment_status":"closed","ping_status":"closed","template":"","meta":{"_seopress_robots_primary_cat":"","_seopress_titles_title":"Innovation Tour Worksafe Flanders","_seopress_titles_desc":"L'avantage par la connaissance dans le secteur de la s\u00e9curit\u00e9, c'est ce dont il s'agit. Laissez-vous inspirer par l'Innovation Tour de Worksafe Flandres et votez pour votre innovation pr\u00e9f\u00e9r\u00e9e !\r\n","_seopress_robots_index":"","footnotes":""},"class_list":["post-89751","page","type-page","status-publish","hentry"],"_links":{"self":[{"href":"https:\/\/www.worksafe.be\/fr\/wp-json\/wp\/v2\/pages\/89751","targetHints":{"allow":["GET"]}}],"collection":[{"href":"https:\/\/www.worksafe.be\/fr\/wp-json\/wp\/v2\/pages"}],"about":[{"href":"https:\/\/www.worksafe.be\/fr\/wp-json\/wp\/v2\/types\/page"}],"author":[{"embeddable":true,"href":"https:\/\/www.worksafe.be\/fr\/wp-json\/wp\/v2\/users\/1475"}],"replies":[{"embeddable":true,"href":"https:\/\/www.worksafe.be\/fr\/wp-json\/wp\/v2\/comments?post=89751"}],"version-history":[{"count":5,"href":"https:\/\/www.worksafe.be\/fr\/wp-json\/wp\/v2\/pages\/89751\/revisions"}],"predecessor-version":[{"id":106409,"href":"https:\/\/www.worksafe.be\/fr\/wp-json\/wp\/v2\/pages\/89751\/revisions\/106409"}],"wp:attachment":[{"href":"https:\/\/www.worksafe.be\/fr\/wp-json\/wp\/v2\/media?parent=89751"}],"curies":[{"name":"wp","href":"https:\/\/api.w.org\/{rel}","templated":true}]}}